{"id":18,"date":"2015-06-16T22:01:00","date_gmt":"2015-06-17T03:01:00","guid":{"rendered":"http:\/\/8xv.6b0.mytemp.website\/?page_id=18"},"modified":"2015-09-30T17:20:13","modified_gmt":"2015-09-30T22:20:13","slug":"discursos","status":"publish","type":"page","link":"http:\/\/benjamincolamarco.com\/?page_id=18","title":{"rendered":"Discursos"},"content":{"rendered":"<p><code><ul class=\"lcp_catlist\" id=\"lcp_instance_0\"><li><a href=\"http:\/\/benjamincolamarco.com\/?p=101\">Palabras de Benjam\u00edn Colamarco Pati\u00f1o, Delegado por el 8-8, en la Reuni\u00f3n PRD Sede Ascanio Villalaz (Reformas)<\/a>  27 mayo, 2015<\/li><li><a href=\"http:\/\/benjamincolamarco.com\/?p=187\">Mensaje expresado durante el acto de inducci\u00f3n de la Escuela Torrijista de Formaci\u00f3n Pol\u00edtica y Gobierno \u201cAscanio Villal\u00e1z\u00bb<\/a>  22 agosto, 2009<\/li><li><a href=\"http:\/\/benjamincolamarco.com\/?p=93\">Discurso del Dr. Benjam\u00edn Colamarco Pati\u00f1o, Ministro de Obras P\u00fablicas, durante el acto de nominaci\u00f3n de la Autopista Panam\u00e1 &#8211; Col\u00f3n con el nombre de Don Alberto Motta<\/a>  18 febrero, 2009<\/li><li><a href=\"http:\/\/benjamincolamarco.com\/?p=150\">Cinta Costera: Una Avenida Hacia el Futuro<\/a>  7 febrero, 2009<\/li><li><a href=\"http:\/\/benjamincolamarco.com\/?p=103\">Presentaci\u00f3n a prop\u00f3sito de las palabras del Dr. Benjam\u00edn Colamarco Pati\u00f1o en el Aeropuerto de la Ciudad de Penonom\u00e9 el 31 de julio<\/a>  31 julio, 2008<\/li><li><a href=\"http:\/\/benjamincolamarco.com\/?p=142\">La Ingenier\u00eda Civil y su compromiso con la Comunidad<\/a>  14 agosto, 2006<\/li><li><a href=\"http:\/\/benjamincolamarco.com\/?p=144\">Palabras durante el debate en el Consejo de Gabinete sobre la Ampliaci\u00f3n del Canal de Panam\u00e1<\/a>  26 junio, 2006<\/li><li><a href=\"http:\/\/benjamincolamarco.com\/?p=146\">Seminario Internacional: \u201cEl Catastro Urbano, Experiencias y Perspectivas en Am\u00e9rica Central\u00bb<\/a>  15 junio, 2005<\/li><\/ul><\/code><\/p>\n<p><code>\u00a0<\/code><\/p>\n","protected":false},"excerpt":{"rendered":"<p>\u00a0<\/p>\n","protected":false},"author":1,"featured_media":0,"parent":41,"menu_order":0,"comment_status":"open","ping_status":"open","template":"","meta":{"footnotes":""},"class_list":["post-18","page","type-page","status-publish","hentry"],"yoast_head":"<!-- This site is optimized with the Yoast SEO plugin v26.8 - https:\/\/yoast.com\/product\/yoast-seo-wordpress\/ -->\n<title>Discursos - escritos y reflexiones...<\/title>\n<meta name=\"robots\" content=\"index, follow, max-snippet:-1, max-image-preview:large, max-video-preview:-1\" \/>\n<link rel=\"canonical\" href=\"https:\/\/benjamincolamarco.com\/?page_id=18\" \/>\n<meta property=\"og:locale\" content=\"es_ES\" \/>\n<meta property=\"og:type\" content=\"article\" \/>\n<meta property=\"og:title\" content=\"Discursos - escritos y reflexiones...\" \/>\n<meta property=\"og:description\" content=\"\u00a0\" \/>\n<meta property=\"og:url\" content=\"https:\/\/benjamincolamarco.com\/?page_id=18\" \/>\n<meta property=\"og:site_name\" content=\"escritos y reflexiones...\" \/>\n<meta property=\"article:modified_time\" content=\"2015-09-30T22:20:13+00:00\" \/>\n<meta name=\"twitter:card\" content=\"summary_large_image\" \/>\n<script type=\"application\/ld+json\" class=\"yoast-schema-graph\">{\"@context\":\"https:\/\/schema.org\",\"@graph\":[{\"@type\":\"WebPage\",\"@id\":\"https:\/\/benjamincolamarco.com\/?page_id=18\",\"url\":\"https:\/\/benjamincolamarco.com\/?page_id=18\",\"name\":\"Discursos - escritos y reflexiones...\",\"isPartOf\":{\"@id\":\"http:\/\/benjamincolamarco.com\/#website\"},\"datePublished\":\"2015-06-17T03:01:00+00:00\",\"dateModified\":\"2015-09-30T22:20:13+00:00\",\"breadcrumb\":{\"@id\":\"https:\/\/benjamincolamarco.com\/?page_id=18#breadcrumb\"},\"inLanguage\":\"es\",\"potentialAction\":[{\"@type\":\"ReadAction\",\"target\":[\"https:\/\/benjamincolamarco.com\/?page_id=18\"]}]},{\"@type\":\"BreadcrumbList\",\"@id\":\"https:\/\/benjamincolamarco.com\/?page_id=18#breadcrumb\",\"itemListElement\":[{\"@type\":\"ListItem\",\"position\":1,\"name\":\"Portada\",\"item\":\"http:\/\/benjamincolamarco.com\/\"},{\"@type\":\"ListItem\",\"position\":2,\"name\":\"Escritos\",\"item\":\"https:\/\/benjamincolamarco.com\/?page_id=41\"},{\"@type\":\"ListItem\",\"position\":3,\"name\":\"Discursos\"}]},{\"@type\":\"WebSite\",\"@id\":\"http:\/\/benjamincolamarco.com\/#website\",\"url\":\"http:\/\/benjamincolamarco.com\/\",\"name\":\"escritos y reflexiones...\",\"description\":\"de Benjam&iacute;n Colamarco Pati&ntilde;o\",\"potentialAction\":[{\"@type\":\"SearchAction\",\"target\":{\"@type\":\"EntryPoint\",\"urlTemplate\":\"http:\/\/benjamincolamarco.com\/?s={search_term_string}\"},\"query-input\":{\"@type\":\"PropertyValueSpecification\",\"valueRequired\":true,\"valueName\":\"search_term_string\"}}],\"inLanguage\":\"es\"}]}<\/script>\n<!-- \/ Yoast SEO plugin. -->","yoast_head_json":{"title":"Discursos - escritos y reflexiones...","robots":{"index":"index","follow":"follow","max-snippet":"max-snippet:-1","max-image-preview":"max-image-preview:large","max-video-preview":"max-video-preview:-1"},"canonical":"https:\/\/benjamincolamarco.com\/?page_id=18","og_locale":"es_ES","og_type":"article","og_title":"Discursos - escritos y reflexiones...","og_description":"\u00a0","og_url":"https:\/\/benjamincolamarco.com\/?page_id=18","og_site_name":"escritos y reflexiones...","article_modified_time":"2015-09-30T22:20:13+00:00","twitter_card":"summary_large_image","schema":{"@context":"https:\/\/schema.org","@graph":[{"@type":"WebPage","@id":"https:\/\/benjamincolamarco.com\/?page_id=18","url":"https:\/\/benjamincolamarco.com\/?page_id=18","name":"Discursos - escritos y reflexiones...","isPartOf":{"@id":"http:\/\/benjamincolamarco.com\/#website"},"datePublished":"2015-06-17T03:01:00+00:00","dateModified":"2015-09-30T22:20:13+00:00","breadcrumb":{"@id":"https:\/\/benjamincolamarco.com\/?page_id=18#breadcrumb"},"inLanguage":"es","potentialAction":[{"@type":"ReadAction","target":["https:\/\/benjamincolamarco.com\/?page_id=18"]}]},{"@type":"BreadcrumbList","@id":"https:\/\/benjamincolamarco.com\/?page_id=18#breadcrumb","itemListElement":[{"@type":"ListItem","position":1,"name":"Portada","item":"http:\/\/benjamincolamarco.com\/"},{"@type":"ListItem","position":2,"name":"Escritos","item":"https:\/\/benjamincolamarco.com\/?page_id=41"},{"@type":"ListItem","position":3,"name":"Discursos"}]},{"@type":"WebSite","@id":"http:\/\/benjamincolamarco.com\/#website","url":"http:\/\/benjamincolamarco.com\/","name":"escritos y reflexiones...","description":"de Benjam&iacute;n Colamarco Pati&ntilde;o","potentialAction":[{"@type":"SearchAction","target":{"@type":"EntryPoint","urlTemplate":"http:\/\/benjamincolamarco.com\/?s={search_term_string}"},"query-input":{"@type":"PropertyValueSpecification","valueRequired":true,"valueName":"search_term_string"}}],"inLanguage":"es"}]}},"_links":{"self":[{"href":"http:\/\/benjamincolamarco.com\/index.php?rest_route=\/wp\/v2\/pages\/18","targetHints":{"allow":["GET"]}}],"collection":[{"href":"http:\/\/benjamincolamarco.com\/index.php?rest_route=\/wp\/v2\/pages"}],"about":[{"href":"http:\/\/benjamincolamarco.com\/index.php?rest_route=\/wp\/v2\/types\/page"}],"author":[{"embeddable":true,"href":"http:\/\/benjamincolamarco.com\/index.php?rest_route=\/wp\/v2\/users\/1"}],"replies":[{"embeddable":true,"href":"http:\/\/benjamincolamarco.com\/index.php?rest_route=%2Fwp%2Fv2%2Fcomments&post=18"}],"version-history":[{"count":12,"href":"http:\/\/benjamincolamarco.com\/index.php?rest_route=\/wp\/v2\/pages\/18\/revisions"}],"predecessor-version":[{"id":227,"href":"http:\/\/benjamincolamarco.com\/index.php?rest_route=\/wp\/v2\/pages\/18\/revisions\/227"}],"up":[{"embeddable":true,"href":"http:\/\/benjamincolamarco.com\/index.php?rest_route=\/wp\/v2\/pages\/41"}],"wp:attachment":[{"href":"http:\/\/benjamincolamarco.com\/index.php?rest_route=%2Fwp%2Fv2%2Fmedia&parent=18"}],"curies":[{"name":"wp","href":"https:\/\/api.w.org\/{rel}","templated":true}]}}