{"id":203,"date":"2015-09-30T16:45:33","date_gmt":"2015-09-30T21:45:33","guid":{"rendered":"http:\/\/www.benjamincolamarco.com\/?page_id=203"},"modified":"2015-10-01T08:51:59","modified_gmt":"2015-10-01T13:51:59","slug":"categorias","status":"publish","type":"page","link":"http:\/\/benjamincolamarco.com\/?page_id=203","title":{"rendered":"Categor\u00edas"},"content":{"rendered":"<h4><code>Econom\u00eda:<\/code><\/h4>\n<p><code><ul class=\"lcp_catlist\" id=\"lcp_instance_0\"><li><a href=\"http:\/\/benjamincolamarco.com\/?p=592\">La descarbonizaci\u00f3n global requiere cobre: Panam\u00e1 y su potencial estrat\u00e9gico<\/a>  26 marzo, 2025<\/li><li><a href=\"http:\/\/benjamincolamarco.com\/?p=558\">\u00bfC\u00f3mo enfrentar el desempleo?<\/a>  18 agosto, 2023<\/li><li><a href=\"http:\/\/benjamincolamarco.com\/?p=499\">LA ECONOM\u00cdA DETERMINA LA POL\u00cdTICA&#8230; Y EL BIENESTAR SOCIAL PRESUME LA PAZ.<\/a>  1 mayo, 2022<\/li><li><a href=\"http:\/\/benjamincolamarco.com\/?p=420\">INFRAESTRUCTURA PARA EL DESARROLLO Y LA RECUPERACI\u00d3N ECON\u00d3MICA<\/a>  18 marzo, 2019<\/li><li><a href=\"http:\/\/benjamincolamarco.com\/?p=339\">Entrevista de Radio Panam\u00e1 sobre el ante-proyecto de Ley relacionado con el Consejo Econ\u00f3mico y Social para el Desarrollo<\/a>  1 marzo, 2016<\/li><li><a href=\"http:\/\/benjamincolamarco.com\/?p=303\">Entrevista de Radio Panam\u00e1: \u00abHay que separar los reaval\u00faos de la ley de descentralizaci\u00f3n\u00bb<\/a>  7 octubre, 2015<\/li><li><a href=\"http:\/\/benjamincolamarco.com\/?p=298\">Reavaluos abusivos y los principios de la tributaci\u00f3n<\/a>  2 octubre, 2015<\/li><li><a href=\"http:\/\/benjamincolamarco.com\/?p=135\">Pa\u00eds en riesgo<\/a>  13 febrero, 2014<\/li><li><a href=\"http:\/\/benjamincolamarco.com\/?p=190\">Entrevista de Radio Panam\u00e1: Reaval\u00faos abusivos impulsados por el CD<\/a>  28 octubre, 2013<\/li><li><a href=\"http:\/\/benjamincolamarco.com\/?p=363\">Comentarios The Economist sobre Panam\u00e1<\/a>  17 julio, 2011<\/li><li><a href=\"http:\/\/benjamincolamarco.com\/?p=119\">Foro Regional: Centroam\u00e9rica despu\u00e9s de la crisis<\/a>  29 marzo, 2011<\/li><li><a href=\"http:\/\/benjamincolamarco.com\/?p=127\">No son los subsidios generalizados, sino la precisi\u00f3n de objetivos los que deben caracterizar la pol\u00edtica social<\/a>  5 abril, 2010<\/li><li><a href=\"http:\/\/benjamincolamarco.com\/?p=125\">Ciudad de Panam\u00e1: Obras viales construidas y proyectos planificados a mediano plazo en cartera. Un enfoque sist\u00e9mico<\/a>  12 marzo, 2010<\/li><li><a href=\"http:\/\/benjamincolamarco.com\/?p=170\">CEPAL: Un informe interesante<\/a>  1 septiembre, 2009<\/li><li><a href=\"http:\/\/benjamincolamarco.com\/?p=93\">Discurso del Dr. Benjam\u00edn Colamarco Pati\u00f1o, Ministro de Obras P\u00fablicas, durante el acto de nominaci\u00f3n de la Autopista Panam\u00e1 &#8211; Col\u00f3n con el nombre de Don Alberto Motta<\/a>  18 febrero, 2009<\/li><li><a href=\"http:\/\/benjamincolamarco.com\/?p=152\">\u00a1Inaudito! Un burro hablando de orejas<\/a>  21 julio, 2008<\/li><li><a href=\"http:\/\/benjamincolamarco.com\/?p=148\">Ordenamiento Salarial: Urgente necesidad en el sector p\u00fablico paname\u00f1o<\/a>  26 octubre, 2005<\/li><\/ul><\/code><\/p>\n<h4><code>Historia:<\/code><\/h4>\n<p><code><ul class=\"lcp_catlist\" id=\"lcp_instance_0\"><li><a href=\"http:\/\/benjamincolamarco.com\/?p=598\">LA GESTA HEROICA DEL 9 DE ENERO Y SUS PERESPECTIVAS<\/a>  9 enero, 2026<\/li><li><a href=\"http:\/\/benjamincolamarco.com\/?p=605\">Fuerte Amador: El asalto a la dignidad y la noche del fuego eterno<\/a>  19 diciembre, 2025<\/li><li><a href=\"http:\/\/benjamincolamarco.com\/?p=574\">Sr. Trump: los tiempos de la \u00abpol\u00edtica del gran garrote\u00bb se acabaron<\/a>  22 diciembre, 2024<\/li><li><a href=\"http:\/\/benjamincolamarco.com\/?p=613\">UN HECHO BOCHORNOSO DE NUESTRA HISTORIA NACIONAL<\/a>  2 enero, 2024<\/li><li><a href=\"http:\/\/benjamincolamarco.com\/?p=519\">UNA CUESTI\u00d3N DE PRINCIPIO<\/a>  25 febrero, 2022<\/li><li><a href=\"http:\/\/benjamincolamarco.com\/?p=460\">\u00abDIEZ MESES Y SIGUE\u00bb<\/a>  10 enero, 2021<\/li><li><a href=\"http:\/\/benjamincolamarco.com\/?p=354\">\u201cLa Segunda Internacional y el 1 de mayo\u00bb<\/a>  1 mayo, 2016<\/li><li><a href=\"http:\/\/benjamincolamarco.com\/?p=352\">\u201cLA FUNCI\u00d3N HIST\u00d3RICA DE PANAM\u00c1 Y EL CANAL INTEROCE\u00c1NICO\u201d<\/a>  20 abril, 2016<\/li><li><a href=\"http:\/\/benjamincolamarco.com\/?p=105\">La ONU Condena al Gobierno de G. W. Bush por Invasi\u00f3n a Panam\u00e1<\/a>  6 julio, 2015<\/li><li><a href=\"http:\/\/benjamincolamarco.com\/?p=88\">La larga noche en que el ej\u00e9rcito m\u00e1s poderoso del mundo asalt\u00f3 nuestra patria<\/a>  19 diciembre, 2014<\/li><li><a href=\"http:\/\/benjamincolamarco.com\/?p=131\">Una historia com\u00fan y un futuro compartido<\/a>  9 enero, 2014<\/li><li><a href=\"http:\/\/benjamincolamarco.com\/?p=111\">Col\u00f3n: Una historia, muchas luchas<\/a>  5 noviembre, 2011<\/li><li><a href=\"http:\/\/benjamincolamarco.com\/?p=133\">Un Documento para la Historia<\/a>  19 mayo, 1993<\/li><\/ul><\/code><\/p>\n<h4><code>Ideolog\u00eda:<\/code><\/h4>\n<p><code><ul class=\"lcp_catlist\" id=\"lcp_instance_0\"><li><a href=\"http:\/\/benjamincolamarco.com\/?p=616\">Torrijismo: Valores y Principios<\/a>  21 marzo, 2026<\/li><li><a href=\"http:\/\/benjamincolamarco.com\/?p=584\">\u00abAn\u00e1lisis de los principios fundamentales del Torrijismo\u00bb<\/a>  11 marzo, 2025<\/li><li><a href=\"http:\/\/benjamincolamarco.com\/?p=551\">AS\u00cd PIENSO&#8230;<\/a>  23 junio, 2024<\/li><li><a href=\"http:\/\/benjamincolamarco.com\/?p=553\">ENTREVISTA<\/a>  11 marzo, 2024<\/li><li><a href=\"http:\/\/benjamincolamarco.com\/?p=534\">NUESTROS IDEALES POL\u00cdTICOS<\/a>  18 enero, 2023<\/li><li><a href=\"http:\/\/benjamincolamarco.com\/?p=527\">LA IMPORTANCIA DE LOS PRINCIPIOS POL\u00cdTICOS Y EL SENTIDO DE ANTICIPACI\u00d3N<\/a>  7 enero, 2023<\/li><li><a href=\"http:\/\/benjamincolamarco.com\/?p=491\">LA FUERZA VITAL DEL PRD<\/a>  12 noviembre, 2021<\/li><li><a href=\"http:\/\/benjamincolamarco.com\/?p=468\">NO HAY PR\u00c1CTICA POL\u00cdTICA SIN IDEOLOG\u00cdA<\/a>  12 febrero, 2021<\/li><li><a href=\"http:\/\/benjamincolamarco.com\/?p=435\">\u00abHISTORIA, TORRIJISMO Y NUEVO PACTO SOCIAL\u00bb<\/a>  6 septiembre, 2020<\/li><li><a href=\"http:\/\/benjamincolamarco.com\/?p=404\">\u201cUNA SITUACI\u00d3N GLOBAL EN EVOLUCI\u00d3N\u201d<\/a>  13 febrero, 2018<\/li><li><a href=\"http:\/\/benjamincolamarco.com\/?p=373\">CONGRESO PRD<\/a>  15 noviembre, 2016<\/li><li><a href=\"http:\/\/benjamincolamarco.com\/?p=365\">Una Nueva Hegemon\u00eda Cultural para un Orden Nuevo<\/a>  16 septiembre, 2016<\/li><li><a href=\"http:\/\/benjamincolamarco.com\/?p=107\">Pensando&#8230;<\/a>  30 abril, 2015<\/li><li><a href=\"http:\/\/benjamincolamarco.com\/?p=109\">Sin ideolog\u00eda y sin prop\u00f3sitos compartidos, no hay Partido<\/a>  30 marzo, 2015<\/li><li><a href=\"http:\/\/benjamincolamarco.com\/?p=113\">La Democracia Social<\/a>  31 julio, 2011<\/li><li><a href=\"http:\/\/benjamincolamarco.com\/?p=1\">La Opci\u00f3n Socialdem\u00f3crata<\/a>  7 diciembre, 2009<\/li><li><a href=\"http:\/\/benjamincolamarco.com\/?p=103\">Presentaci\u00f3n a prop\u00f3sito de las palabras del Dr. Benjam\u00edn Colamarco Pati\u00f1o en el Aeropuerto de la Ciudad de Penonom\u00e9 el 31 de julio<\/a>  31 julio, 2008<\/li><\/ul><\/code><\/p>\n<h4><code>Invasi\u00f3n<\/code><\/h4>\n<p><code><ul class=\"lcp_catlist\" id=\"lcp_instance_0\"><li><a href=\"http:\/\/benjamincolamarco.com\/?p=605\">Fuerte Amador: El asalto a la dignidad y la noche del fuego eterno<\/a>  19 diciembre, 2025<\/li><li><a href=\"http:\/\/benjamincolamarco.com\/?p=388\">Entrevistado por Radio Panam\u00e1: 27 a\u00f1os de la invasi\u00f3n<\/a>  6 junio, 2017<\/li><li><a href=\"http:\/\/benjamincolamarco.com\/?p=361\">CARTA A LA COMISI\u00d3N 20 DE DICIEMBRE<\/a>  25 agosto, 2016<\/li><li><a href=\"http:\/\/benjamincolamarco.com\/?p=105\">La ONU Condena al Gobierno de G. W. Bush por Invasi\u00f3n a Panam\u00e1<\/a>  6 julio, 2015<\/li><li><a href=\"http:\/\/benjamincolamarco.com\/?p=88\">La larga noche en que el ej\u00e9rcito m\u00e1s poderoso del mundo asalt\u00f3 nuestra patria<\/a>  19 diciembre, 2014<\/li><li><a href=\"http:\/\/benjamincolamarco.com\/?p=133\">Un Documento para la Historia<\/a>  19 mayo, 1993<\/li><\/ul><\/code><\/p>\n<h4><code>Pol\u00edtica:<\/code><\/h4>\n<p><code><ul class=\"lcp_catlist\" id=\"lcp_instance_0\"><li><a href=\"http:\/\/benjamincolamarco.com\/?p=602\">LA GUERRA DE QUINTA GENERACI\u00d3N (5GW) Y LA ECONOM\u00cdA COMO CAMPO DE BATALLA<\/a>  17 enero, 2026<\/li><li><a href=\"http:\/\/benjamincolamarco.com\/?p=607\">La esencia de los partidos pol\u00edticos en la democracia<\/a>  11 octubre, 2025<\/li><li><a href=\"http:\/\/benjamincolamarco.com\/?p=589\"><\/a>  25 marzo, 2025<\/li><li><a href=\"http:\/\/benjamincolamarco.com\/?p=586\">\u00a0\u201cNadie tiene el monopolio de la verdad\u201d<\/a>  15 marzo, 2025<\/li><li><a href=\"http:\/\/benjamincolamarco.com\/?p=567\">AL PIE DEL CA\u00d1\u00d3N<\/a>  11 octubre, 2024<\/li><li><a href=\"http:\/\/benjamincolamarco.com\/?p=549\">POL\u00cdTICA Y PARTIDOS EN LA ERA DE LA SOCIEDAD L\u00cdQUIDA<\/a>  9 junio, 2024<\/li><li><a href=\"http:\/\/benjamincolamarco.com\/?p=571\">ABRIR ESPACIOS<\/a>  8 mayo, 2024<\/li><li><a href=\"http:\/\/benjamincolamarco.com\/?p=553\">ENTREVISTA<\/a>  11 marzo, 2024<\/li><li><a href=\"http:\/\/benjamincolamarco.com\/?p=569\">PARA EL EQUIPO<\/a>  1 enero, 2024<\/li><li><a href=\"http:\/\/benjamincolamarco.com\/?p=534\">NUESTROS IDEALES POL\u00cdTICOS<\/a>  18 enero, 2023<\/li><li><a href=\"http:\/\/benjamincolamarco.com\/?p=527\">LA IMPORTANCIA DE LOS PRINCIPIOS POL\u00cdTICOS Y EL SENTIDO DE ANTICIPACI\u00d3N<\/a>  7 enero, 2023<\/li><li><a href=\"http:\/\/benjamincolamarco.com\/?p=455\">Los desaf\u00edos del PRD en la actual coyuntura<\/a>  22 diciembre, 2022<\/li><li><a href=\"http:\/\/benjamincolamarco.com\/?p=423\">\u201cLA OFICINA DE GOBIERNO\u201d<\/a>  17 mayo, 2019<\/li><li><a href=\"http:\/\/benjamincolamarco.com\/?p=414\">\u201cSIN PARTIDOS POL\u00cdTICOS NO HAY DEMOCRACIA\u201d<\/a>  21 mayo, 2018<\/li><li><a href=\"http:\/\/benjamincolamarco.com\/?p=411\">EL REDISE\u00d1O DEL APARATO P\u00daBLICO<\/a>  9 mayo, 2018<\/li><li><a href=\"http:\/\/benjamincolamarco.com\/?p=398\">\u201cGOBERNABILIDAD EN UN MUNDO CAMBIANTE\u201d<\/a>  1 octubre, 2017<\/li><li><a href=\"http:\/\/benjamincolamarco.com\/?p=373\">CONGRESO PRD<\/a>  15 noviembre, 2016<\/li><li><a href=\"http:\/\/benjamincolamarco.com\/?p=358\">\u00bfHan Desaparecido las Utop\u00edas?<\/a>  5 mayo, 2016<\/li><li><a href=\"http:\/\/benjamincolamarco.com\/?p=354\">\u201cLa Segunda Internacional y el 1 de mayo\u00bb<\/a>  1 mayo, 2016<\/li><li><a href=\"http:\/\/benjamincolamarco.com\/?p=176\">Fundamentos para un nuevo pacto pol\u00edtico<\/a>  8 agosto, 2015<\/li><\/ul><\/code><\/p>\n<p>&nbsp;<\/p>\n","protected":false},"excerpt":{"rendered":"<p>Econom\u00eda: Historia: Ideolog\u00eda: Invasi\u00f3n Pol\u00edtica: &nbsp;<\/p>\n","protected":false},"author":1,"featured_media":0,"parent":0,"menu_order":0,"comment_status":"closed","ping_status":"open","template":"","meta":{"footnotes":""},"class_list":["post-203","page","type-page","status-publish","hentry"],"yoast_head":"<!-- This site is optimized with the Yoast SEO plugin v26.8 - https:\/\/yoast.com\/product\/yoast-seo-wordpress\/ -->\n<title>Categor\u00edas - escritos y reflexiones...<\/title>\n<meta name=\"robots\" content=\"index, follow, max-snippet:-1, max-image-preview:large, max-video-preview:-1\" \/>\n<link rel=\"canonical\" href=\"http:\/\/benjamincolamarco.com\/?page_id=203\" \/>\n<meta property=\"og:locale\" content=\"es_ES\" \/>\n<meta property=\"og:type\" content=\"article\" \/>\n<meta property=\"og:title\" content=\"Categor\u00edas - escritos y reflexiones...\" \/>\n<meta property=\"og:description\" content=\"Econom\u00eda: Historia: Ideolog\u00eda: Invasi\u00f3n Pol\u00edtica: &nbsp;\" \/>\n<meta property=\"og:url\" content=\"http:\/\/benjamincolamarco.com\/?page_id=203\" \/>\n<meta property=\"og:site_name\" content=\"escritos y reflexiones...\" \/>\n<meta property=\"article:modified_time\" content=\"2015-10-01T13:51:59+00:00\" \/>\n<meta name=\"twitter:card\" content=\"summary_large_image\" \/>\n<script type=\"application\/ld+json\" class=\"yoast-schema-graph\">{\"@context\":\"https:\/\/schema.org\",\"@graph\":[{\"@type\":\"WebPage\",\"@id\":\"http:\/\/benjamincolamarco.com\/?page_id=203\",\"url\":\"http:\/\/benjamincolamarco.com\/?page_id=203\",\"name\":\"Categor\u00edas - escritos y reflexiones...\",\"isPartOf\":{\"@id\":\"http:\/\/benjamincolamarco.com\/#website\"},\"datePublished\":\"2015-09-30T21:45:33+00:00\",\"dateModified\":\"2015-10-01T13:51:59+00:00\",\"breadcrumb\":{\"@id\":\"http:\/\/benjamincolamarco.com\/?page_id=203#breadcrumb\"},\"inLanguage\":\"es\",\"potentialAction\":[{\"@type\":\"ReadAction\",\"target\":[\"http:\/\/benjamincolamarco.com\/?page_id=203\"]}]},{\"@type\":\"BreadcrumbList\",\"@id\":\"http:\/\/benjamincolamarco.com\/?page_id=203#breadcrumb\",\"itemListElement\":[{\"@type\":\"ListItem\",\"position\":1,\"name\":\"Portada\",\"item\":\"http:\/\/benjamincolamarco.com\/\"},{\"@type\":\"ListItem\",\"position\":2,\"name\":\"Categor\u00edas\"}]},{\"@type\":\"WebSite\",\"@id\":\"http:\/\/benjamincolamarco.com\/#website\",\"url\":\"http:\/\/benjamincolamarco.com\/\",\"name\":\"escritos y reflexiones...\",\"description\":\"de Benjam&iacute;n Colamarco Pati&ntilde;o\",\"potentialAction\":[{\"@type\":\"SearchAction\",\"target\":{\"@type\":\"EntryPoint\",\"urlTemplate\":\"http:\/\/benjamincolamarco.com\/?s={search_term_string}\"},\"query-input\":{\"@type\":\"PropertyValueSpecification\",\"valueRequired\":true,\"valueName\":\"search_term_string\"}}],\"inLanguage\":\"es\"}]}<\/script>\n<!-- \/ Yoast SEO plugin. -->","yoast_head_json":{"title":"Categor\u00edas - escritos y reflexiones...","robots":{"index":"index","follow":"follow","max-snippet":"max-snippet:-1","max-image-preview":"max-image-preview:large","max-video-preview":"max-video-preview:-1"},"canonical":"http:\/\/benjamincolamarco.com\/?page_id=203","og_locale":"es_ES","og_type":"article","og_title":"Categor\u00edas - escritos y reflexiones...","og_description":"Econom\u00eda: Historia: Ideolog\u00eda: Invasi\u00f3n Pol\u00edtica: &nbsp;","og_url":"http:\/\/benjamincolamarco.com\/?page_id=203","og_site_name":"escritos y reflexiones...","article_modified_time":"2015-10-01T13:51:59+00:00","twitter_card":"summary_large_image","schema":{"@context":"https:\/\/schema.org","@graph":[{"@type":"WebPage","@id":"http:\/\/benjamincolamarco.com\/?page_id=203","url":"http:\/\/benjamincolamarco.com\/?page_id=203","name":"Categor\u00edas - escritos y reflexiones...","isPartOf":{"@id":"http:\/\/benjamincolamarco.com\/#website"},"datePublished":"2015-09-30T21:45:33+00:00","dateModified":"2015-10-01T13:51:59+00:00","breadcrumb":{"@id":"http:\/\/benjamincolamarco.com\/?page_id=203#breadcrumb"},"inLanguage":"es","potentialAction":[{"@type":"ReadAction","target":["http:\/\/benjamincolamarco.com\/?page_id=203"]}]},{"@type":"BreadcrumbList","@id":"http:\/\/benjamincolamarco.com\/?page_id=203#breadcrumb","itemListElement":[{"@type":"ListItem","position":1,"name":"Portada","item":"http:\/\/benjamincolamarco.com\/"},{"@type":"ListItem","position":2,"name":"Categor\u00edas"}]},{"@type":"WebSite","@id":"http:\/\/benjamincolamarco.com\/#website","url":"http:\/\/benjamincolamarco.com\/","name":"escritos y reflexiones...","description":"de Benjam&iacute;n Colamarco Pati&ntilde;o","potentialAction":[{"@type":"SearchAction","target":{"@type":"EntryPoint","urlTemplate":"http:\/\/benjamincolamarco.com\/?s={search_term_string}"},"query-input":{"@type":"PropertyValueSpecification","valueRequired":true,"valueName":"search_term_string"}}],"inLanguage":"es"}]}},"_links":{"self":[{"href":"http:\/\/benjamincolamarco.com\/index.php?rest_route=\/wp\/v2\/pages\/203","targetHints":{"allow":["GET"]}}],"collection":[{"href":"http:\/\/benjamincolamarco.com\/index.php?rest_route=\/wp\/v2\/pages"}],"about":[{"href":"http:\/\/benjamincolamarco.com\/index.php?rest_route=\/wp\/v2\/types\/page"}],"author":[{"embeddable":true,"href":"http:\/\/benjamincolamarco.com\/index.php?rest_route=\/wp\/v2\/users\/1"}],"replies":[{"embeddable":true,"href":"http:\/\/benjamincolamarco.com\/index.php?rest_route=%2Fwp%2Fv2%2Fcomments&post=203"}],"version-history":[{"count":3,"href":"http:\/\/benjamincolamarco.com\/index.php?rest_route=\/wp\/v2\/pages\/203\/revisions"}],"predecessor-version":[{"id":293,"href":"http:\/\/benjamincolamarco.com\/index.php?rest_route=\/wp\/v2\/pages\/203\/revisions\/293"}],"wp:attachment":[{"href":"http:\/\/benjamincolamarco.com\/index.php?rest_route=%2Fwp%2Fv2%2Fmedia&parent=203"}],"curies":[{"name":"wp","href":"https:\/\/api.w.org\/{rel}","templated":true}]}}