{"id":235,"date":"2015-09-30T17:42:12","date_gmt":"2015-09-30T22:42:12","guid":{"rendered":"http:\/\/www.benjamincolamarco.com\/?page_id=235"},"modified":"2015-10-01T08:50:18","modified_gmt":"2015-10-01T13:50:18","slug":"historia","status":"publish","type":"page","link":"http:\/\/benjamincolamarco.com\/?page_id=235","title":{"rendered":"Historia"},"content":{"rendered":"<p><code><ul class=\"lcp_catlist\" id=\"lcp_instance_0\"><li><a href=\"http:\/\/benjamincolamarco.com\/?p=598\">LA GESTA HEROICA DEL 9 DE ENERO Y SUS PERESPECTIVAS<\/a>  9 enero, 2026<\/li><li><a href=\"http:\/\/benjamincolamarco.com\/?p=605\">Fuerte Amador: El asalto a la dignidad y la noche del fuego eterno<\/a>  19 diciembre, 2025<\/li><li><a href=\"http:\/\/benjamincolamarco.com\/?p=574\">Sr. Trump: los tiempos de la \u00abpol\u00edtica del gran garrote\u00bb se acabaron<\/a>  22 diciembre, 2024<\/li><li><a href=\"http:\/\/benjamincolamarco.com\/?p=613\">UN HECHO BOCHORNOSO DE NUESTRA HISTORIA NACIONAL<\/a>  2 enero, 2024<\/li><li><a href=\"http:\/\/benjamincolamarco.com\/?p=519\">UNA CUESTI\u00d3N DE PRINCIPIO<\/a>  25 febrero, 2022<\/li><li><a href=\"http:\/\/benjamincolamarco.com\/?p=460\">\u00abDIEZ MESES Y SIGUE\u00bb<\/a>  10 enero, 2021<\/li><li><a href=\"http:\/\/benjamincolamarco.com\/?p=354\">\u201cLa Segunda Internacional y el 1 de mayo\u00bb<\/a>  1 mayo, 2016<\/li><li><a href=\"http:\/\/benjamincolamarco.com\/?p=352\">\u201cLA FUNCI\u00d3N HIST\u00d3RICA DE PANAM\u00c1 Y EL CANAL INTEROCE\u00c1NICO\u201d<\/a>  20 abril, 2016<\/li><li><a href=\"http:\/\/benjamincolamarco.com\/?p=105\">La ONU Condena al Gobierno de G. W. Bush por Invasi\u00f3n a Panam\u00e1<\/a>  6 julio, 2015<\/li><li><a href=\"http:\/\/benjamincolamarco.com\/?p=88\">La larga noche en que el ej\u00e9rcito m\u00e1s poderoso del mundo asalt\u00f3 nuestra patria<\/a>  19 diciembre, 2014<\/li><\/ul><ul class='lcp_paginator'><li class='lcp_currentpage'>1<\/li><li><a href='http:\/\/benjamincolamarco.com\/index.php?rest_route=%2Fwp%2Fv2%2Fpages%2F235&#038;lcp_page0=2#lcp_instance_0' title='2'>2<\/a><\/li><li><a href='http:\/\/benjamincolamarco.com\/index.php?rest_route=%2Fwp%2Fv2%2Fpages%2F235&#038;lcp_page0=2#lcp_instance_0' title='2' class='lcp_nextlink'>&gt;&gt;<\/a><\/li><\/ul><\/code><\/p>\n","protected":false},"excerpt":{"rendered":"","protected":false},"author":1,"featured_media":0,"parent":203,"menu_order":0,"comment_status":"closed","ping_status":"open","template":"","meta":{"footnotes":""},"class_list":["post-235","page","type-page","status-publish","hentry"],"yoast_head":"<!-- This site is optimized with the Yoast SEO plugin v26.8 - https:\/\/yoast.com\/product\/yoast-seo-wordpress\/ -->\n<title>Historia - escritos y reflexiones...<\/title>\n<meta name=\"robots\" content=\"index, follow, max-snippet:-1, max-image-preview:large, max-video-preview:-1\" \/>\n<link rel=\"canonical\" href=\"https:\/\/benjamincolamarco.com\/?page_id=235\" \/>\n<meta property=\"og:locale\" content=\"es_ES\" \/>\n<meta property=\"og:type\" content=\"article\" \/>\n<meta property=\"og:title\" content=\"Historia - escritos y reflexiones...\" \/>\n<meta property=\"og:url\" content=\"https:\/\/benjamincolamarco.com\/?page_id=235\" \/>\n<meta property=\"og:site_name\" content=\"escritos y reflexiones...\" \/>\n<meta property=\"article:modified_time\" content=\"2015-10-01T13:50:18+00:00\" \/>\n<meta name=\"twitter:card\" content=\"summary_large_image\" \/>\n<script type=\"application\/ld+json\" class=\"yoast-schema-graph\">{\"@context\":\"https:\/\/schema.org\",\"@graph\":[{\"@type\":\"WebPage\",\"@id\":\"https:\/\/benjamincolamarco.com\/?page_id=235\",\"url\":\"https:\/\/benjamincolamarco.com\/?page_id=235\",\"name\":\"Historia - escritos y reflexiones...\",\"isPartOf\":{\"@id\":\"http:\/\/benjamincolamarco.com\/#website\"},\"datePublished\":\"2015-09-30T22:42:12+00:00\",\"dateModified\":\"2015-10-01T13:50:18+00:00\",\"breadcrumb\":{\"@id\":\"https:\/\/benjamincolamarco.com\/?page_id=235#breadcrumb\"},\"inLanguage\":\"es\",\"potentialAction\":[{\"@type\":\"ReadAction\",\"target\":[\"https:\/\/benjamincolamarco.com\/?page_id=235\"]}]},{\"@type\":\"BreadcrumbList\",\"@id\":\"https:\/\/benjamincolamarco.com\/?page_id=235#breadcrumb\",\"itemListElement\":[{\"@type\":\"ListItem\",\"position\":1,\"name\":\"Portada\",\"item\":\"http:\/\/benjamincolamarco.com\/\"},{\"@type\":\"ListItem\",\"position\":2,\"name\":\"Categor\u00edas\",\"item\":\"http:\/\/benjamincolamarco.com\/?page_id=203\"},{\"@type\":\"ListItem\",\"position\":3,\"name\":\"Historia\"}]},{\"@type\":\"WebSite\",\"@id\":\"http:\/\/benjamincolamarco.com\/#website\",\"url\":\"http:\/\/benjamincolamarco.com\/\",\"name\":\"escritos y reflexiones...\",\"description\":\"de Benjam&iacute;n Colamarco Pati&ntilde;o\",\"potentialAction\":[{\"@type\":\"SearchAction\",\"target\":{\"@type\":\"EntryPoint\",\"urlTemplate\":\"http:\/\/benjamincolamarco.com\/?s={search_term_string}\"},\"query-input\":{\"@type\":\"PropertyValueSpecification\",\"valueRequired\":true,\"valueName\":\"search_term_string\"}}],\"inLanguage\":\"es\"}]}<\/script>\n<!-- \/ Yoast SEO plugin. -->","yoast_head_json":{"title":"Historia - escritos y reflexiones...","robots":{"index":"index","follow":"follow","max-snippet":"max-snippet:-1","max-image-preview":"max-image-preview:large","max-video-preview":"max-video-preview:-1"},"canonical":"https:\/\/benjamincolamarco.com\/?page_id=235","og_locale":"es_ES","og_type":"article","og_title":"Historia - escritos y reflexiones...","og_url":"https:\/\/benjamincolamarco.com\/?page_id=235","og_site_name":"escritos y reflexiones...","article_modified_time":"2015-10-01T13:50:18+00:00","twitter_card":"summary_large_image","schema":{"@context":"https:\/\/schema.org","@graph":[{"@type":"WebPage","@id":"https:\/\/benjamincolamarco.com\/?page_id=235","url":"https:\/\/benjamincolamarco.com\/?page_id=235","name":"Historia - escritos y reflexiones...","isPartOf":{"@id":"http:\/\/benjamincolamarco.com\/#website"},"datePublished":"2015-09-30T22:42:12+00:00","dateModified":"2015-10-01T13:50:18+00:00","breadcrumb":{"@id":"https:\/\/benjamincolamarco.com\/?page_id=235#breadcrumb"},"inLanguage":"es","potentialAction":[{"@type":"ReadAction","target":["https:\/\/benjamincolamarco.com\/?page_id=235"]}]},{"@type":"BreadcrumbList","@id":"https:\/\/benjamincolamarco.com\/?page_id=235#breadcrumb","itemListElement":[{"@type":"ListItem","position":1,"name":"Portada","item":"http:\/\/benjamincolamarco.com\/"},{"@type":"ListItem","position":2,"name":"Categor\u00edas","item":"http:\/\/benjamincolamarco.com\/?page_id=203"},{"@type":"ListItem","position":3,"name":"Historia"}]},{"@type":"WebSite","@id":"http:\/\/benjamincolamarco.com\/#website","url":"http:\/\/benjamincolamarco.com\/","name":"escritos y reflexiones...","description":"de Benjam&iacute;n Colamarco Pati&ntilde;o","potentialAction":[{"@type":"SearchAction","target":{"@type":"EntryPoint","urlTemplate":"http:\/\/benjamincolamarco.com\/?s={search_term_string}"},"query-input":{"@type":"PropertyValueSpecification","valueRequired":true,"valueName":"search_term_string"}}],"inLanguage":"es"}]}},"_links":{"self":[{"href":"http:\/\/benjamincolamarco.com\/index.php?rest_route=\/wp\/v2\/pages\/235","targetHints":{"allow":["GET"]}}],"collection":[{"href":"http:\/\/benjamincolamarco.com\/index.php?rest_route=\/wp\/v2\/pages"}],"about":[{"href":"http:\/\/benjamincolamarco.com\/index.php?rest_route=\/wp\/v2\/types\/page"}],"author":[{"embeddable":true,"href":"http:\/\/benjamincolamarco.com\/index.php?rest_route=\/wp\/v2\/users\/1"}],"replies":[{"embeddable":true,"href":"http:\/\/benjamincolamarco.com\/index.php?rest_route=%2Fwp%2Fv2%2Fcomments&post=235"}],"version-history":[{"count":3,"href":"http:\/\/benjamincolamarco.com\/index.php?rest_route=\/wp\/v2\/pages\/235\/revisions"}],"predecessor-version":[{"id":292,"href":"http:\/\/benjamincolamarco.com\/index.php?rest_route=\/wp\/v2\/pages\/235\/revisions\/292"}],"up":[{"embeddable":true,"href":"http:\/\/benjamincolamarco.com\/index.php?rest_route=\/wp\/v2\/pages\/203"}],"wp:attachment":[{"href":"http:\/\/benjamincolamarco.com\/index.php?rest_route=%2Fwp%2Fv2%2Fmedia&parent=235"}],"curies":[{"name":"wp","href":"https:\/\/api.w.org\/{rel}","templated":true}]}}