{"id":34,"date":"2015-07-01T16:26:00","date_gmt":"2015-07-01T21:26:00","guid":{"rendered":"http:\/\/8xv.6b0.mytemp.website\/?page_id=34"},"modified":"2015-09-30T17:39:41","modified_gmt":"2015-09-30T22:39:41","slug":"articulos","status":"publish","type":"page","link":"http:\/\/benjamincolamarco.com\/?page_id=34","title":{"rendered":"Art\u00edculos"},"content":{"rendered":"<p><code><ul class=\"lcp_catlist\" id=\"lcp_instance_0\"><li><a href=\"http:\/\/benjamincolamarco.com\/?p=616\">Torrijismo: Valores y Principios<\/a>  21 marzo, 2026<\/li><li><a href=\"http:\/\/benjamincolamarco.com\/?p=602\">LA GUERRA DE QUINTA GENERACI\u00d3N (5GW) Y LA ECONOM\u00cdA COMO CAMPO DE BATALLA<\/a>  17 enero, 2026<\/li><li><a href=\"http:\/\/benjamincolamarco.com\/?p=598\">LA GESTA HEROICA DEL 9 DE ENERO Y SUS PERESPECTIVAS<\/a>  9 enero, 2026<\/li><li><a href=\"http:\/\/benjamincolamarco.com\/?p=605\">Fuerte Amador: El asalto a la dignidad y la noche del fuego eterno<\/a>  19 diciembre, 2025<\/li><li><a href=\"http:\/\/benjamincolamarco.com\/?p=611\">En el Partido Revolucionario Democr\u00e1tico&#8230;<\/a>  23 noviembre, 2025<\/li><li><a href=\"http:\/\/benjamincolamarco.com\/?p=609\">Una Confesi\u00f3n que Estremece los Cimientos Institucionales<\/a>  21 noviembre, 2025<\/li><li><a href=\"http:\/\/benjamincolamarco.com\/?p=607\">La esencia de los partidos pol\u00edticos en la democracia<\/a>  11 octubre, 2025<\/li><li><a href=\"http:\/\/benjamincolamarco.com\/?p=594\">\u201cPanam\u00e1: Defensa de la Soberan\u00eda frente a las Presiones Externas\u201d<\/a>  28 marzo, 2025<\/li><li><a href=\"http:\/\/benjamincolamarco.com\/?p=592\">La descarbonizaci\u00f3n global requiere cobre: Panam\u00e1 y su potencial estrat\u00e9gico<\/a>  26 marzo, 2025<\/li><li><a href=\"http:\/\/benjamincolamarco.com\/?p=589\"><\/a>  25 marzo, 2025<\/li><\/ul><ul class='lcp_paginator'><li class='lcp_currentpage'>1<\/li><li><a href='http:\/\/benjamincolamarco.com\/index.php?rest_route=%2Fwp%2Fv2%2Fpages%2F34&#038;lcp_page0=2#lcp_instance_0' title='2'>2<\/a><\/li><li><a href='http:\/\/benjamincolamarco.com\/index.php?rest_route=%2Fwp%2Fv2%2Fpages%2F34&#038;lcp_page0=3#lcp_instance_0' title='3'>3<\/a><\/li><li><a href='http:\/\/benjamincolamarco.com\/index.php?rest_route=%2Fwp%2Fv2%2Fpages%2F34&#038;lcp_page0=4#lcp_instance_0' title='4'>4<\/a><\/li><li><a href='http:\/\/benjamincolamarco.com\/index.php?rest_route=%2Fwp%2Fv2%2Fpages%2F34&#038;lcp_page0=5#lcp_instance_0' title='5'>5<\/a><\/li><li><a href='http:\/\/benjamincolamarco.com\/index.php?rest_route=%2Fwp%2Fv2%2Fpages%2F34&#038;lcp_page0=6#lcp_instance_0' title='6'>6<\/a><\/li><li><a href='http:\/\/benjamincolamarco.com\/index.php?rest_route=%2Fwp%2Fv2%2Fpages%2F34&#038;lcp_page0=7#lcp_instance_0' title='7'>7<\/a><\/li><li><a href='http:\/\/benjamincolamarco.com\/index.php?rest_route=%2Fwp%2Fv2%2Fpages%2F34&#038;lcp_page0=2#lcp_instance_0' title='2' class='lcp_nextlink'>&gt;&gt;<\/a><\/li><\/ul><\/code><\/p>\n","protected":false},"excerpt":{"rendered":"","protected":false},"author":1,"featured_media":0,"parent":41,"menu_order":0,"comment_status":"closed","ping_status":"open","template":"","meta":{"footnotes":""},"class_list":["post-34","page","type-page","status-publish","hentry"],"yoast_head":"<!-- This site is optimized with the Yoast SEO plugin v26.8 - https:\/\/yoast.com\/product\/yoast-seo-wordpress\/ -->\n<title>Art\u00edculos - escritos y reflexiones...<\/title>\n<meta name=\"robots\" content=\"index, follow, max-snippet:-1, max-image-preview:large, max-video-preview:-1\" \/>\n<link rel=\"canonical\" href=\"https:\/\/benjamincolamarco.com\/?page_id=34\" \/>\n<meta property=\"og:locale\" content=\"es_ES\" \/>\n<meta property=\"og:type\" content=\"article\" \/>\n<meta property=\"og:title\" content=\"Art\u00edculos - escritos y reflexiones...\" \/>\n<meta property=\"og:url\" content=\"https:\/\/benjamincolamarco.com\/?page_id=34\" \/>\n<meta property=\"og:site_name\" content=\"escritos y reflexiones...\" \/>\n<meta property=\"article:modified_time\" content=\"2015-09-30T22:39:41+00:00\" \/>\n<meta name=\"twitter:card\" content=\"summary_large_image\" \/>\n<script type=\"application\/ld+json\" class=\"yoast-schema-graph\">{\"@context\":\"https:\/\/schema.org\",\"@graph\":[{\"@type\":\"WebPage\",\"@id\":\"https:\/\/benjamincolamarco.com\/?page_id=34\",\"url\":\"https:\/\/benjamincolamarco.com\/?page_id=34\",\"name\":\"Art\u00edculos - escritos y reflexiones...\",\"isPartOf\":{\"@id\":\"http:\/\/benjamincolamarco.com\/#website\"},\"datePublished\":\"2015-07-01T21:26:00+00:00\",\"dateModified\":\"2015-09-30T22:39:41+00:00\",\"breadcrumb\":{\"@id\":\"https:\/\/benjamincolamarco.com\/?page_id=34#breadcrumb\"},\"inLanguage\":\"es\",\"potentialAction\":[{\"@type\":\"ReadAction\",\"target\":[\"https:\/\/benjamincolamarco.com\/?page_id=34\"]}]},{\"@type\":\"BreadcrumbList\",\"@id\":\"https:\/\/benjamincolamarco.com\/?page_id=34#breadcrumb\",\"itemListElement\":[{\"@type\":\"ListItem\",\"position\":1,\"name\":\"Portada\",\"item\":\"http:\/\/benjamincolamarco.com\/\"},{\"@type\":\"ListItem\",\"position\":2,\"name\":\"Escritos\",\"item\":\"https:\/\/benjamincolamarco.com\/?page_id=41\"},{\"@type\":\"ListItem\",\"position\":3,\"name\":\"Art\u00edculos\"}]},{\"@type\":\"WebSite\",\"@id\":\"http:\/\/benjamincolamarco.com\/#website\",\"url\":\"http:\/\/benjamincolamarco.com\/\",\"name\":\"escritos y reflexiones...\",\"description\":\"de Benjam&iacute;n Colamarco Pati&ntilde;o\",\"potentialAction\":[{\"@type\":\"SearchAction\",\"target\":{\"@type\":\"EntryPoint\",\"urlTemplate\":\"http:\/\/benjamincolamarco.com\/?s={search_term_string}\"},\"query-input\":{\"@type\":\"PropertyValueSpecification\",\"valueRequired\":true,\"valueName\":\"search_term_string\"}}],\"inLanguage\":\"es\"}]}<\/script>\n<!-- \/ Yoast SEO plugin. -->","yoast_head_json":{"title":"Art\u00edculos - escritos y reflexiones...","robots":{"index":"index","follow":"follow","max-snippet":"max-snippet:-1","max-image-preview":"max-image-preview:large","max-video-preview":"max-video-preview:-1"},"canonical":"https:\/\/benjamincolamarco.com\/?page_id=34","og_locale":"es_ES","og_type":"article","og_title":"Art\u00edculos - escritos y reflexiones...","og_url":"https:\/\/benjamincolamarco.com\/?page_id=34","og_site_name":"escritos y reflexiones...","article_modified_time":"2015-09-30T22:39:41+00:00","twitter_card":"summary_large_image","schema":{"@context":"https:\/\/schema.org","@graph":[{"@type":"WebPage","@id":"https:\/\/benjamincolamarco.com\/?page_id=34","url":"https:\/\/benjamincolamarco.com\/?page_id=34","name":"Art\u00edculos - escritos y reflexiones...","isPartOf":{"@id":"http:\/\/benjamincolamarco.com\/#website"},"datePublished":"2015-07-01T21:26:00+00:00","dateModified":"2015-09-30T22:39:41+00:00","breadcrumb":{"@id":"https:\/\/benjamincolamarco.com\/?page_id=34#breadcrumb"},"inLanguage":"es","potentialAction":[{"@type":"ReadAction","target":["https:\/\/benjamincolamarco.com\/?page_id=34"]}]},{"@type":"BreadcrumbList","@id":"https:\/\/benjamincolamarco.com\/?page_id=34#breadcrumb","itemListElement":[{"@type":"ListItem","position":1,"name":"Portada","item":"http:\/\/benjamincolamarco.com\/"},{"@type":"ListItem","position":2,"name":"Escritos","item":"https:\/\/benjamincolamarco.com\/?page_id=41"},{"@type":"ListItem","position":3,"name":"Art\u00edculos"}]},{"@type":"WebSite","@id":"http:\/\/benjamincolamarco.com\/#website","url":"http:\/\/benjamincolamarco.com\/","name":"escritos y reflexiones...","description":"de Benjam&iacute;n Colamarco Pati&ntilde;o","potentialAction":[{"@type":"SearchAction","target":{"@type":"EntryPoint","urlTemplate":"http:\/\/benjamincolamarco.com\/?s={search_term_string}"},"query-input":{"@type":"PropertyValueSpecification","valueRequired":true,"valueName":"search_term_string"}}],"inLanguage":"es"}]}},"_links":{"self":[{"href":"http:\/\/benjamincolamarco.com\/index.php?rest_route=\/wp\/v2\/pages\/34","targetHints":{"allow":["GET"]}}],"collection":[{"href":"http:\/\/benjamincolamarco.com\/index.php?rest_route=\/wp\/v2\/pages"}],"about":[{"href":"http:\/\/benjamincolamarco.com\/index.php?rest_route=\/wp\/v2\/types\/page"}],"author":[{"embeddable":true,"href":"http:\/\/benjamincolamarco.com\/index.php?rest_route=\/wp\/v2\/users\/1"}],"replies":[{"embeddable":true,"href":"http:\/\/benjamincolamarco.com\/index.php?rest_route=%2Fwp%2Fv2%2Fcomments&post=34"}],"version-history":[{"count":13,"href":"http:\/\/benjamincolamarco.com\/index.php?rest_route=\/wp\/v2\/pages\/34\/revisions"}],"predecessor-version":[{"id":232,"href":"http:\/\/benjamincolamarco.com\/index.php?rest_route=\/wp\/v2\/pages\/34\/revisions\/232"}],"up":[{"embeddable":true,"href":"http:\/\/benjamincolamarco.com\/index.php?rest_route=\/wp\/v2\/pages\/41"}],"wp:attachment":[{"href":"http:\/\/benjamincolamarco.com\/index.php?rest_route=%2Fwp%2Fv2%2Fmedia&parent=34"}],"curies":[{"name":"wp","href":"https:\/\/api.w.org\/{rel}","templated":true}]}}