{"id":36,"date":"2015-07-01T16:27:00","date_gmt":"2015-07-01T21:27:00","guid":{"rendered":"http:\/\/8xv.6b0.mytemp.website\/?page_id=36"},"modified":"2015-09-30T17:21:36","modified_gmt":"2015-09-30T22:21:36","slug":"monografias","status":"publish","type":"page","link":"http:\/\/benjamincolamarco.com\/?page_id=36","title":{"rendered":"Monograf\u00edas"},"content":{"rendered":"<p><code><ul class=\"lcp_catlist\" id=\"lcp_instance_0\"><li><a href=\"http:\/\/benjamincolamarco.com\/?p=398\">\u201cGOBERNABILIDAD EN UN MUNDO CAMBIANTE\u201d<\/a>  1 octubre, 2017<\/li><li><a href=\"http:\/\/benjamincolamarco.com\/?p=183\">Propuesta para la creaci\u00f3n de una instancia org\u00e1nica permanente de participaci\u00f3n social ciudadana denominada \u00abConsejo Econ\u00f3mico y Social para el Desarollo de Panam\u00e1\u201d, elaborada para el debate por Benjam\u00edn Colamarco Pati\u00f1o<\/a>  11 octubre, 2012<\/li><li><a href=\"http:\/\/benjamincolamarco.com\/?p=119\">Foro Regional: Centroam\u00e9rica despu\u00e9s de la crisis<\/a>  29 marzo, 2011<\/li><li><a href=\"http:\/\/benjamincolamarco.com\/?p=115\">Desigualdad e injusticia en un contexto de incertidumbre \u201c\u00bfQu\u00e9 hacer?\u201d<\/a>  30 junio, 2010<\/li><li><a href=\"http:\/\/benjamincolamarco.com\/?p=181\">Escuela Torrijista de Formaci\u00f3n Pol\u00edtica y de Gobierno Ascanio Villal\u00e1z (Documento de dise\u00f1o)<\/a>  11 octubre, 2009<\/li><li><a href=\"http:\/\/benjamincolamarco.com\/?p=95\">Ensayo conceptual para la capacitaci\u00f3n pol\u00edtica<\/a>  11 octubre, 2007<\/li><\/ul><br \/>\n<\/code><\/p>\n","protected":false},"excerpt":{"rendered":"","protected":false},"author":1,"featured_media":0,"parent":41,"menu_order":0,"comment_status":"closed","ping_status":"open","template":"","meta":{"footnotes":""},"class_list":["post-36","page","type-page","status-publish","hentry"],"yoast_head":"<!-- This site is optimized with the Yoast SEO plugin v26.8 - https:\/\/yoast.com\/product\/yoast-seo-wordpress\/ -->\n<title>Monograf\u00edas - escritos y reflexiones...<\/title>\n<meta name=\"robots\" content=\"index, follow, max-snippet:-1, max-image-preview:large, max-video-preview:-1\" \/>\n<link rel=\"canonical\" href=\"https:\/\/benjamincolamarco.com\/?page_id=36\" \/>\n<meta property=\"og:locale\" content=\"es_ES\" \/>\n<meta property=\"og:type\" content=\"article\" \/>\n<meta property=\"og:title\" content=\"Monograf\u00edas - escritos y reflexiones...\" \/>\n<meta property=\"og:url\" content=\"https:\/\/benjamincolamarco.com\/?page_id=36\" \/>\n<meta property=\"og:site_name\" content=\"escritos y reflexiones...\" \/>\n<meta property=\"article:modified_time\" content=\"2015-09-30T22:21:36+00:00\" \/>\n<meta name=\"twitter:card\" content=\"summary_large_image\" \/>\n<script type=\"application\/ld+json\" class=\"yoast-schema-graph\">{\"@context\":\"https:\/\/schema.org\",\"@graph\":[{\"@type\":\"WebPage\",\"@id\":\"https:\/\/benjamincolamarco.com\/?page_id=36\",\"url\":\"https:\/\/benjamincolamarco.com\/?page_id=36\",\"name\":\"Monograf\u00edas - escritos y reflexiones...\",\"isPartOf\":{\"@id\":\"http:\/\/benjamincolamarco.com\/#website\"},\"datePublished\":\"2015-07-01T21:27:00+00:00\",\"dateModified\":\"2015-09-30T22:21:36+00:00\",\"breadcrumb\":{\"@id\":\"https:\/\/benjamincolamarco.com\/?page_id=36#breadcrumb\"},\"inLanguage\":\"es\",\"potentialAction\":[{\"@type\":\"ReadAction\",\"target\":[\"https:\/\/benjamincolamarco.com\/?page_id=36\"]}]},{\"@type\":\"BreadcrumbList\",\"@id\":\"https:\/\/benjamincolamarco.com\/?page_id=36#breadcrumb\",\"itemListElement\":[{\"@type\":\"ListItem\",\"position\":1,\"name\":\"Portada\",\"item\":\"http:\/\/benjamincolamarco.com\/\"},{\"@type\":\"ListItem\",\"position\":2,\"name\":\"Escritos\",\"item\":\"https:\/\/benjamincolamarco.com\/?page_id=41\"},{\"@type\":\"ListItem\",\"position\":3,\"name\":\"Monograf\u00edas\"}]},{\"@type\":\"WebSite\",\"@id\":\"http:\/\/benjamincolamarco.com\/#website\",\"url\":\"http:\/\/benjamincolamarco.com\/\",\"name\":\"escritos y reflexiones...\",\"description\":\"de Benjam&iacute;n Colamarco Pati&ntilde;o\",\"potentialAction\":[{\"@type\":\"SearchAction\",\"target\":{\"@type\":\"EntryPoint\",\"urlTemplate\":\"http:\/\/benjamincolamarco.com\/?s={search_term_string}\"},\"query-input\":{\"@type\":\"PropertyValueSpecification\",\"valueRequired\":true,\"valueName\":\"search_term_string\"}}],\"inLanguage\":\"es\"}]}<\/script>\n<!-- \/ Yoast SEO plugin. -->","yoast_head_json":{"title":"Monograf\u00edas - escritos y reflexiones...","robots":{"index":"index","follow":"follow","max-snippet":"max-snippet:-1","max-image-preview":"max-image-preview:large","max-video-preview":"max-video-preview:-1"},"canonical":"https:\/\/benjamincolamarco.com\/?page_id=36","og_locale":"es_ES","og_type":"article","og_title":"Monograf\u00edas - escritos y reflexiones...","og_url":"https:\/\/benjamincolamarco.com\/?page_id=36","og_site_name":"escritos y reflexiones...","article_modified_time":"2015-09-30T22:21:36+00:00","twitter_card":"summary_large_image","schema":{"@context":"https:\/\/schema.org","@graph":[{"@type":"WebPage","@id":"https:\/\/benjamincolamarco.com\/?page_id=36","url":"https:\/\/benjamincolamarco.com\/?page_id=36","name":"Monograf\u00edas - escritos y reflexiones...","isPartOf":{"@id":"http:\/\/benjamincolamarco.com\/#website"},"datePublished":"2015-07-01T21:27:00+00:00","dateModified":"2015-09-30T22:21:36+00:00","breadcrumb":{"@id":"https:\/\/benjamincolamarco.com\/?page_id=36#breadcrumb"},"inLanguage":"es","potentialAction":[{"@type":"ReadAction","target":["https:\/\/benjamincolamarco.com\/?page_id=36"]}]},{"@type":"BreadcrumbList","@id":"https:\/\/benjamincolamarco.com\/?page_id=36#breadcrumb","itemListElement":[{"@type":"ListItem","position":1,"name":"Portada","item":"http:\/\/benjamincolamarco.com\/"},{"@type":"ListItem","position":2,"name":"Escritos","item":"https:\/\/benjamincolamarco.com\/?page_id=41"},{"@type":"ListItem","position":3,"name":"Monograf\u00edas"}]},{"@type":"WebSite","@id":"http:\/\/benjamincolamarco.com\/#website","url":"http:\/\/benjamincolamarco.com\/","name":"escritos y reflexiones...","description":"de Benjam&iacute;n Colamarco Pati&ntilde;o","potentialAction":[{"@type":"SearchAction","target":{"@type":"EntryPoint","urlTemplate":"http:\/\/benjamincolamarco.com\/?s={search_term_string}"},"query-input":{"@type":"PropertyValueSpecification","valueRequired":true,"valueName":"search_term_string"}}],"inLanguage":"es"}]}},"_links":{"self":[{"href":"http:\/\/benjamincolamarco.com\/index.php?rest_route=\/wp\/v2\/pages\/36","targetHints":{"allow":["GET"]}}],"collection":[{"href":"http:\/\/benjamincolamarco.com\/index.php?rest_route=\/wp\/v2\/pages"}],"about":[{"href":"http:\/\/benjamincolamarco.com\/index.php?rest_route=\/wp\/v2\/types\/page"}],"author":[{"embeddable":true,"href":"http:\/\/benjamincolamarco.com\/index.php?rest_route=\/wp\/v2\/users\/1"}],"replies":[{"embeddable":true,"href":"http:\/\/benjamincolamarco.com\/index.php?rest_route=%2Fwp%2Fv2%2Fcomments&post=36"}],"version-history":[{"count":6,"href":"http:\/\/benjamincolamarco.com\/index.php?rest_route=\/wp\/v2\/pages\/36\/revisions"}],"predecessor-version":[{"id":228,"href":"http:\/\/benjamincolamarco.com\/index.php?rest_route=\/wp\/v2\/pages\/36\/revisions\/228"}],"up":[{"embeddable":true,"href":"http:\/\/benjamincolamarco.com\/index.php?rest_route=\/wp\/v2\/pages\/41"}],"wp:attachment":[{"href":"http:\/\/benjamincolamarco.com\/index.php?rest_route=%2Fwp%2Fv2%2Fmedia&parent=36"}],"curies":[{"name":"wp","href":"https:\/\/api.w.org\/{rel}","templated":true}]}}