{"id":41,"date":"2015-07-01T16:28:00","date_gmt":"2015-07-01T21:28:00","guid":{"rendered":"http:\/\/8xv.6b0.mytemp.website\/?page_id=41"},"modified":"2015-10-01T08:47:53","modified_gmt":"2015-10-01T13:47:53","slug":"escritos","status":"publish","type":"page","link":"http:\/\/benjamincolamarco.com\/?page_id=41","title":{"rendered":"Escritos"},"content":{"rendered":"<h4><code>Art\u00edculos:<\/code><\/h4>\n<p><code><ul class=\"lcp_catlist\" id=\"lcp_instance_0\"><li><a href=\"http:\/\/benjamincolamarco.com\/?p=616\">Torrijismo: Valores y Principios<\/a>  21 marzo, 2026<\/li><li><a href=\"http:\/\/benjamincolamarco.com\/?p=602\">LA GUERRA DE QUINTA GENERACI\u00d3N (5GW) Y LA ECONOM\u00cdA COMO CAMPO DE BATALLA<\/a>  17 enero, 2026<\/li><li><a href=\"http:\/\/benjamincolamarco.com\/?p=598\">LA GESTA HEROICA DEL 9 DE ENERO Y SUS PERESPECTIVAS<\/a>  9 enero, 2026<\/li><li><a href=\"http:\/\/benjamincolamarco.com\/?p=605\">Fuerte Amador: El asalto a la dignidad y la noche del fuego eterno<\/a>  19 diciembre, 2025<\/li><li><a href=\"http:\/\/benjamincolamarco.com\/?p=611\">En el Partido Revolucionario Democr\u00e1tico&#8230;<\/a>  23 noviembre, 2025<\/li><li><a href=\"http:\/\/benjamincolamarco.com\/?p=609\">Una Confesi\u00f3n que Estremece los Cimientos Institucionales<\/a>  21 noviembre, 2025<\/li><li><a href=\"http:\/\/benjamincolamarco.com\/?p=607\">La esencia de los partidos pol\u00edticos en la democracia<\/a>  11 octubre, 2025<\/li><li><a href=\"http:\/\/benjamincolamarco.com\/?p=594\">\u201cPanam\u00e1: Defensa de la Soberan\u00eda frente a las Presiones Externas\u201d<\/a>  28 marzo, 2025<\/li><li><a href=\"http:\/\/benjamincolamarco.com\/?p=592\">La descarbonizaci\u00f3n global requiere cobre: Panam\u00e1 y su potencial estrat\u00e9gico<\/a>  26 marzo, 2025<\/li><li><a href=\"http:\/\/benjamincolamarco.com\/?p=589\"><\/a>  25 marzo, 2025<\/li><li><a href=\"http:\/\/benjamincolamarco.com\/?p=586\">\u00a0\u201cNadie tiene el monopolio de la verdad\u201d<\/a>  15 marzo, 2025<\/li><li><a href=\"http:\/\/benjamincolamarco.com\/?p=584\">\u00abAn\u00e1lisis de los principios fundamentales del Torrijismo\u00bb<\/a>  11 marzo, 2025<\/li><li><a href=\"http:\/\/benjamincolamarco.com\/?p=580\">\u201cTRUMP, GOEBBELS, LA GUERRA DE QUINTA GENERACI\u00d3N Y LA MENTIRA COMO HERRAMIENTA T\u00c1CTICA\u201d<\/a>  22 febrero, 2025<\/li><li><a href=\"http:\/\/benjamincolamarco.com\/?p=574\">Sr. Trump: los tiempos de la \u00abpol\u00edtica del gran garrote\u00bb se acabaron<\/a>  22 diciembre, 2024<\/li><li><a href=\"http:\/\/benjamincolamarco.com\/?p=562\">ALGO SOBRE EL PUENTE DE LAS AM\u00c9RICAS<\/a>  17 septiembre, 2024<\/li><li><a href=\"http:\/\/benjamincolamarco.com\/?p=551\">AS\u00cd PIENSO&#8230;<\/a>  23 junio, 2024<\/li><li><a href=\"http:\/\/benjamincolamarco.com\/?p=549\">POL\u00cdTICA Y PARTIDOS EN LA ERA DE LA SOCIEDAD L\u00cdQUIDA<\/a>  9 junio, 2024<\/li><li><a href=\"http:\/\/benjamincolamarco.com\/?p=560\">Panam\u00e1: datos, no percepciones<\/a>  4 mayo, 2024<\/li><li><a href=\"http:\/\/benjamincolamarco.com\/?p=555\">Entre el 2019 y el 2023 Panam\u00e1 recuper\u00f3 cobertura boscosa y rastrojos<\/a>  8 abril, 2024<\/li><li><a href=\"http:\/\/benjamincolamarco.com\/?p=558\">\u00bfC\u00f3mo enfrentar el desempleo?<\/a>  18 agosto, 2023<\/li><\/ul><\/code><\/p>\n<h4><code>Discursos:<\/code><\/h4>\n<p><code><ul class=\"lcp_catlist\" id=\"lcp_instance_0\"><li><a href=\"http:\/\/benjamincolamarco.com\/?p=101\">Palabras de Benjam\u00edn Colamarco Pati\u00f1o, Delegado por el 8-8, en la Reuni\u00f3n PRD Sede Ascanio Villalaz (Reformas)<\/a>  27 mayo, 2015<\/li><li><a href=\"http:\/\/benjamincolamarco.com\/?p=187\">Mensaje expresado durante el acto de inducci\u00f3n de la Escuela Torrijista de Formaci\u00f3n Pol\u00edtica y Gobierno \u201cAscanio Villal\u00e1z\u00bb<\/a>  22 agosto, 2009<\/li><li><a href=\"http:\/\/benjamincolamarco.com\/?p=93\">Discurso del Dr. Benjam\u00edn Colamarco Pati\u00f1o, Ministro de Obras P\u00fablicas, durante el acto de nominaci\u00f3n de la Autopista Panam\u00e1 &#8211; Col\u00f3n con el nombre de Don Alberto Motta<\/a>  18 febrero, 2009<\/li><li><a href=\"http:\/\/benjamincolamarco.com\/?p=150\">Cinta Costera: Una Avenida Hacia el Futuro<\/a>  7 febrero, 2009<\/li><li><a href=\"http:\/\/benjamincolamarco.com\/?p=103\">Presentaci\u00f3n a prop\u00f3sito de las palabras del Dr. Benjam\u00edn Colamarco Pati\u00f1o en el Aeropuerto de la Ciudad de Penonom\u00e9 el 31 de julio<\/a>  31 julio, 2008<\/li><li><a href=\"http:\/\/benjamincolamarco.com\/?p=142\">La Ingenier\u00eda Civil y su compromiso con la Comunidad<\/a>  14 agosto, 2006<\/li><li><a href=\"http:\/\/benjamincolamarco.com\/?p=144\">Palabras durante el debate en el Consejo de Gabinete sobre la Ampliaci\u00f3n del Canal de Panam\u00e1<\/a>  26 junio, 2006<\/li><li><a href=\"http:\/\/benjamincolamarco.com\/?p=146\">Seminario Internacional: \u201cEl Catastro Urbano, Experiencias y Perspectivas en Am\u00e9rica Central\u00bb<\/a>  15 junio, 2005<\/li><\/ul><\/code><\/p>\n<h4><code>Monograf\u00edas:<\/code><\/h4>\n<p><code><ul class=\"lcp_catlist\" id=\"lcp_instance_0\"><li><a href=\"http:\/\/benjamincolamarco.com\/?p=398\">\u201cGOBERNABILIDAD EN UN MUNDO CAMBIANTE\u201d<\/a>  1 octubre, 2017<\/li><li><a href=\"http:\/\/benjamincolamarco.com\/?p=183\">Propuesta para la creaci\u00f3n de una instancia org\u00e1nica permanente de participaci\u00f3n social ciudadana denominada \u00abConsejo Econ\u00f3mico y Social para el Desarollo de Panam\u00e1\u201d, elaborada para el debate por Benjam\u00edn Colamarco Pati\u00f1o<\/a>  11 octubre, 2012<\/li><li><a href=\"http:\/\/benjamincolamarco.com\/?p=119\">Foro Regional: Centroam\u00e9rica despu\u00e9s de la crisis<\/a>  29 marzo, 2011<\/li><li><a href=\"http:\/\/benjamincolamarco.com\/?p=115\">Desigualdad e injusticia en un contexto de incertidumbre \u201c\u00bfQu\u00e9 hacer?\u201d<\/a>  30 junio, 2010<\/li><li><a href=\"http:\/\/benjamincolamarco.com\/?p=181\">Escuela Torrijista de Formaci\u00f3n Pol\u00edtica y de Gobierno Ascanio Villal\u00e1z (Documento de dise\u00f1o)<\/a>  11 octubre, 2009<\/li><li><a href=\"http:\/\/benjamincolamarco.com\/?p=95\">Ensayo conceptual para la capacitaci\u00f3n pol\u00edtica<\/a>  11 octubre, 2007<\/li><\/ul><\/code><\/p>\n","protected":false},"excerpt":{"rendered":"<p>Art\u00edculos: Discursos: Monograf\u00edas:<\/p>\n","protected":false},"author":1,"featured_media":0,"parent":0,"menu_order":0,"comment_status":"closed","ping_status":"open","template":"","meta":{"footnotes":""},"class_list":["post-41","page","type-page","status-publish","hentry"],"yoast_head":"<!-- This site is optimized with the Yoast SEO plugin v26.8 - https:\/\/yoast.com\/product\/yoast-seo-wordpress\/ -->\n<title>Escritos - escritos y reflexiones...<\/title>\n<meta name=\"robots\" content=\"index, follow, max-snippet:-1, max-image-preview:large, max-video-preview:-1\" \/>\n<link rel=\"canonical\" href=\"http:\/\/benjamincolamarco.com\/?page_id=41\" \/>\n<meta property=\"og:locale\" content=\"es_ES\" \/>\n<meta property=\"og:type\" content=\"article\" \/>\n<meta property=\"og:title\" content=\"Escritos - escritos y reflexiones...\" \/>\n<meta property=\"og:description\" content=\"Art\u00edculos: Discursos: Monograf\u00edas:\" \/>\n<meta property=\"og:url\" content=\"http:\/\/benjamincolamarco.com\/?page_id=41\" \/>\n<meta property=\"og:site_name\" content=\"escritos y reflexiones...\" \/>\n<meta property=\"article:modified_time\" content=\"2015-10-01T13:47:53+00:00\" \/>\n<meta name=\"twitter:card\" content=\"summary_large_image\" \/>\n<script type=\"application\/ld+json\" class=\"yoast-schema-graph\">{\"@context\":\"https:\/\/schema.org\",\"@graph\":[{\"@type\":\"WebPage\",\"@id\":\"http:\/\/benjamincolamarco.com\/?page_id=41\",\"url\":\"http:\/\/benjamincolamarco.com\/?page_id=41\",\"name\":\"Escritos - escritos y reflexiones...\",\"isPartOf\":{\"@id\":\"https:\/\/benjamincolamarco.com\/#website\"},\"datePublished\":\"2015-07-01T21:28:00+00:00\",\"dateModified\":\"2015-10-01T13:47:53+00:00\",\"breadcrumb\":{\"@id\":\"http:\/\/benjamincolamarco.com\/?page_id=41#breadcrumb\"},\"inLanguage\":\"es\",\"potentialAction\":[{\"@type\":\"ReadAction\",\"target\":[\"http:\/\/benjamincolamarco.com\/?page_id=41\"]}]},{\"@type\":\"BreadcrumbList\",\"@id\":\"http:\/\/benjamincolamarco.com\/?page_id=41#breadcrumb\",\"itemListElement\":[{\"@type\":\"ListItem\",\"position\":1,\"name\":\"Portada\",\"item\":\"https:\/\/benjamincolamarco.com\/\"},{\"@type\":\"ListItem\",\"position\":2,\"name\":\"Escritos\"}]},{\"@type\":\"WebSite\",\"@id\":\"https:\/\/benjamincolamarco.com\/#website\",\"url\":\"https:\/\/benjamincolamarco.com\/\",\"name\":\"escritos y reflexiones...\",\"description\":\"de Benjam&iacute;n Colamarco Pati&ntilde;o\",\"potentialAction\":[{\"@type\":\"SearchAction\",\"target\":{\"@type\":\"EntryPoint\",\"urlTemplate\":\"https:\/\/benjamincolamarco.com\/?s={search_term_string}\"},\"query-input\":{\"@type\":\"PropertyValueSpecification\",\"valueRequired\":true,\"valueName\":\"search_term_string\"}}],\"inLanguage\":\"es\"}]}<\/script>\n<!-- \/ Yoast SEO plugin. -->","yoast_head_json":{"title":"Escritos - escritos y reflexiones...","robots":{"index":"index","follow":"follow","max-snippet":"max-snippet:-1","max-image-preview":"max-image-preview:large","max-video-preview":"max-video-preview:-1"},"canonical":"http:\/\/benjamincolamarco.com\/?page_id=41","og_locale":"es_ES","og_type":"article","og_title":"Escritos - escritos y reflexiones...","og_description":"Art\u00edculos: Discursos: Monograf\u00edas:","og_url":"http:\/\/benjamincolamarco.com\/?page_id=41","og_site_name":"escritos y reflexiones...","article_modified_time":"2015-10-01T13:47:53+00:00","twitter_card":"summary_large_image","schema":{"@context":"https:\/\/schema.org","@graph":[{"@type":"WebPage","@id":"http:\/\/benjamincolamarco.com\/?page_id=41","url":"http:\/\/benjamincolamarco.com\/?page_id=41","name":"Escritos - escritos y reflexiones...","isPartOf":{"@id":"https:\/\/benjamincolamarco.com\/#website"},"datePublished":"2015-07-01T21:28:00+00:00","dateModified":"2015-10-01T13:47:53+00:00","breadcrumb":{"@id":"http:\/\/benjamincolamarco.com\/?page_id=41#breadcrumb"},"inLanguage":"es","potentialAction":[{"@type":"ReadAction","target":["http:\/\/benjamincolamarco.com\/?page_id=41"]}]},{"@type":"BreadcrumbList","@id":"http:\/\/benjamincolamarco.com\/?page_id=41#breadcrumb","itemListElement":[{"@type":"ListItem","position":1,"name":"Portada","item":"https:\/\/benjamincolamarco.com\/"},{"@type":"ListItem","position":2,"name":"Escritos"}]},{"@type":"WebSite","@id":"https:\/\/benjamincolamarco.com\/#website","url":"https:\/\/benjamincolamarco.com\/","name":"escritos y reflexiones...","description":"de Benjam&iacute;n Colamarco Pati&ntilde;o","potentialAction":[{"@type":"SearchAction","target":{"@type":"EntryPoint","urlTemplate":"https:\/\/benjamincolamarco.com\/?s={search_term_string}"},"query-input":{"@type":"PropertyValueSpecification","valueRequired":true,"valueName":"search_term_string"}}],"inLanguage":"es"}]}},"_links":{"self":[{"href":"http:\/\/benjamincolamarco.com\/index.php?rest_route=\/wp\/v2\/pages\/41","targetHints":{"allow":["GET"]}}],"collection":[{"href":"http:\/\/benjamincolamarco.com\/index.php?rest_route=\/wp\/v2\/pages"}],"about":[{"href":"http:\/\/benjamincolamarco.com\/index.php?rest_route=\/wp\/v2\/types\/page"}],"author":[{"embeddable":true,"href":"http:\/\/benjamincolamarco.com\/index.php?rest_route=\/wp\/v2\/users\/1"}],"replies":[{"embeddable":true,"href":"http:\/\/benjamincolamarco.com\/index.php?rest_route=%2Fwp%2Fv2%2Fcomments&post=41"}],"version-history":[{"count":4,"href":"http:\/\/benjamincolamarco.com\/index.php?rest_route=\/wp\/v2\/pages\/41\/revisions"}],"predecessor-version":[{"id":290,"href":"http:\/\/benjamincolamarco.com\/index.php?rest_route=\/wp\/v2\/pages\/41\/revisions\/290"}],"wp:attachment":[{"href":"http:\/\/benjamincolamarco.com\/index.php?rest_route=%2Fwp%2Fv2%2Fmedia&parent=41"}],"curies":[{"name":"wp","href":"https:\/\/api.w.org\/{rel}","templated":true}]}}