{"id":2,"date":"2015-06-12T16:23:00","date_gmt":"2015-06-12T21:23:00","guid":{"rendered":"http:\/\/8xv.6b0.mytemp.website\/?page_id=2"},"modified":"2023-02-21T20:24:52","modified_gmt":"2023-02-22T01:24:52","slug":"biografia","status":"publish","type":"page","link":"https:\/\/benjamincolamarco.com\/?page_id=2","title":{"rendered":"Biograf\u00eda"},"content":{"rendered":"<p><strong><a href=\"http:\/\/8xv.6b0.mytemp.website\/wp-content\/uploads\/2015\/06\/foto_benjamin_colamarco.png\"><img loading=\"lazy\" decoding=\"async\" class=\"alignright wp-image-14 \" src=\"http:\/\/8xv.6b0.mytemp.website\/wp-content\/uploads\/2015\/06\/foto_benjamin_colamarco.png\" alt=\"foto_benjamin_colamarco\" width=\"193\" height=\"194\" srcset=\"https:\/\/benjamincolamarco.com\/wp-content\/uploads\/2015\/06\/foto_benjamin_colamarco.png 223w, https:\/\/benjamincolamarco.com\/wp-content\/uploads\/2015\/06\/foto_benjamin_colamarco-150x150.png 150w\" sizes=\"auto, (max-width: 193px) 100vw, 193px\" \/><\/a>BENJAMIN HELIODORO COLAMARCO PATI\u00d1O<\/strong>, nace en la ciudad de Panam\u00e1, Rep\u00fablica de Panam\u00e1, el <strong>17 de agosto de 1957<\/strong>, hijo de dos destacados educadores: el Profesor AGUSTIN COLAMARCO\u00a0 (Q.E.P.D)\u00a0 reconocido matem\u00e1tico, fundador y primer\u00a0 Director\u00a0 de la Escuela de Matem\u00e1ticas de la Facultad de Ciencias de la Universidad de Panam\u00e1; escritor de libros de texto tanto para la escuela secundaria, como para la Universidad; y la Profesora MARINA PATI\u00d1O de COLAMARCO (Q.E.P.D), quien ejerciera la docencia\u00a0 de las asignaturas de Espa\u00f1ol y literatura, en el Instituto Nacional.<\/p>\n<p>Descendiente de una distinguida familia de educadores y pol\u00edticos, entre quienes podemos mencionar a Heliodoro Pati\u00f1o, Vice Presidente de la Asamblea Nacional Constituyente de 1904;\u00a0 Manuel Pati\u00f1o, Diputado y dirigente Liberal (1916);\u00a0 Alfredo Pati\u00f1o, Diputado (1922) y Gobernador por varios per\u00edodos de la Provincia de Cocl\u00e9; Heliodoro \u201cLolito\u201d Pati\u00f1o, Alcalde del Distrito de Panam\u00e1 (1959); Manuel Virgilio Pati\u00f1o, Ministro de Estado en varias ocasiones (1940 y 1951), . . .\u00a0 <strong>BENJAMIN COLAMARCO PATI\u00d1O<\/strong>, concluidos sus estudios en Panam\u00e1 (1974), se traslada a ITALIA, donde\u00a0 en la prestigiosa y antigua <strong>UNIVERSITA DEGLI STUDI di BOLOGNA<\/strong>, logra el t\u00edtulo de <strong>DOCTOR en ECONOM\u00cdA<\/strong>.<\/p>\n<p>Durante sus a\u00f1os\u00a0 de estudio en Europa, adem\u00e1s de cumplir con sus obligaciones y programas como educando, participa en varias agrupaciones estudiantiles y culturales tales como: La Organizaci\u00f3n de los Estudiantes\u00a0 Latinoamericanos en Italia; el Grupo Cultural Latinoamericano de la Universit\u00e1 di Bologna; el Grupo Folkl\u00f3rico Musical \u201cSiembra\u201d.<\/p>\n<p>A trav\u00e9s de la lectura y el estudio, se acerca al\u00a0 conocimiento de pensadores de la pol\u00edtica cl\u00e1sica como Ferdinand Lassalle; Edward Bernstein; Filippo Turati . . . y a la doctrina\u00a0 <strong>SOCIALDEMOCRATA<\/strong>.<\/p>\n<p><strong>Torrijista<\/strong> convencido y ferviente nacionalista, milita con entusiasmo en todas las actividades que, con relaci\u00f3n a la negociaci\u00f3n de los Tratados Torrijos-Carter, se dieron en el Campus Universitario, especialmente las relativas a la divulgaci\u00f3n e informaci\u00f3n sobre los mismos y a las acciones de solidaridad con Panam\u00e1.<\/p>\n<p>Completada su formaci\u00f3n acad\u00e9mica en Europa, donde adem\u00e1s del T\u00edtulo de <strong>DOCTOR EN ECONOMIA<\/strong>, cursa estudios superiores especializados en Derecho Fiscal; Geograf\u00eda Econ\u00f3mica; Sociolog\u00eda y Semi\u00f3tica; en junio de 1982, regresa a Panam\u00e1, e inicia una activa e intensa vida profesional, gremial y pol\u00edtica que lo lleva a ocupar importantes cargos en la Administraci\u00f3n P\u00fablica, consagr\u00e1ndose como un competente y eficiente organizador, administrador y dirigente.\u00a0\u00a0 Entre estos podemos destacar los de:<\/p>\n<ul>\n<li><strong>Subdirector General de Ingresos<\/strong><\/li>\n<li><strong>Director General de Ingresos a.i.<\/strong> en el <strong>MINISTERIO DE HACIENDA Y TESORO<\/strong>. <strong>(1984\u00a0 &#8211; 1985)<\/strong><\/li>\n<li><strong>Director General<\/strong> del Instituto Para la Formaci\u00f3n y Aprovechamiento de los Recursos Humanos (<strong>IFARHU<\/strong>). <strong>1985 &#8211; 1989<\/strong><\/li>\n<li><strong>Director General<\/strong> del Instituto de Recursos Hidr\u00e1ulicos y Electrificaci\u00f3n\u00a0<strong> (IRHE)<\/strong>.\u00a0 <strong>1989 &#8211; 1990<\/strong><\/li>\n<li>Miembro del Consejo General de Estado.<\/li>\n<\/ul>\n<p>Como dirigente gremial, le correspondi\u00f3 ser el <strong>PRESIDENTE<\/strong>\u00a0 del Congreso Constitutivo de la Federaci\u00f3n Nacional de Asociaciones y Organizaciones de Servidores P\u00fablicos <strong>(FENASEP)\u00a0 1983<\/strong>.<\/p>\n<p>Militante del socialdem\u00f3crata Partido Revolucionario Democr\u00e1tico <strong>(P.R.D.)<\/strong>, ha\u00a0 sido <strong>Delegado al Congreso<\/strong> y Miembro del <strong>Directorio Nacional<\/strong>, adem\u00e1s de haber ocupado en varias ocasiones importantes secretar\u00edas de la estructura nacional de los Frentes de Masas. En agosto de 1997 fue electo democr\u00e1ticamente como: <strong>Sub-Secretario Nacional del Frente de Profesionales <\/strong>del Partido.\u00a0 En julio del a\u00f1o 2000 fue designado por el Comit\u00e9 Ejecutivo Nacional y ratificado por el Directorio Nacional del PRD, como COORDINADOR NACIONAL DE LOS FRENTES \u00a0SECTORIALES del Partido. Ha sido miembro de la Comisi\u00f3n Asesora y de la Comisi\u00f3n Pol\u00edtica del CEN.<\/p>\n<p>En abril de 1988, durante el per\u00edodo de la agresi\u00f3n de que fue objeto la Rep\u00fablica de Panam\u00e1 por parte del Gobierno ultra-conservador de los Estados Unidos de la \u00e9poca, integr\u00f3 el Comando Patri\u00f3tico de Coordinaci\u00f3n de la Brigada de la DIGNIDAD.<\/p>\n<p>Durante la invasi\u00f3n extranjera del 20 de diciembre de 1989, particip\u00f3 de la resistencia, en defensa de la Independencia Nacional y de la Integridad territorial del Estado. Fue capturado por las tropas invasoras el 10 de enero de 1990 y confinado en el Campo de Concentraci\u00f3n de Nuevo Emperador, como <strong>PRISIONERO DE GUERRA<\/strong>.\u00a0 Posteriormente trasladado a la C\u00e1rcel \u201cModelo\u201d sin que hubiesen elementos probatorios en su contra, se le mantuvo cuatro a\u00f1os privado de su libertad, por causa de sus convicciones e ideas patri\u00f3ticas.<\/p>\n<p>A partir de 1994, participa en actividades empresariales fungiendo como <strong>Gerente General<\/strong> de la empresa Comercializadora <strong>CAMSA<\/strong>, s.a.\u00a0 y\u00a0 <strong>Presidente<\/strong> de la empresa consultora <strong>CONTEC,s.a.<\/strong><\/p>\n<p>Desde el 1 de febrero de 1999, y durante casi seis a\u00f1os, se desempe\u00f1\u00f3 como <strong>DIRECTOR de ADMINISTRACION y FINANZAS<\/strong> de la UNIVERSIDAD ESPECIALIZADA DE LAS AMERICAS (UDELAS).<\/p>\n<p>Durante dos a\u00f1os particip\u00f3 como representante del Consejo de Rectores de Panam\u00e1, en el Di\u00e1logo sobre el Seguro Social, promovido por el PNUD.<\/p>\n<p>Estudioso de la HISTORIA nacional y comprometido con el fortalecimiento de las Instituciones de la Sociedad Civil, es fundador y miembro de las juntas directivas de varias <strong>Organizaciones No Gubernamentales (ONG)<\/strong>, a saber:<br \/>\nFundaci\u00f3n Para Investigaciones Sociales y Econ\u00f3micas <strong>(FISE)<\/strong>; Fundaci\u00f3n para el Desarrollo Humano Sostenible (FUDEHUSO), entre otras.<\/p>\n<p>El 1 de septiembre de 2004, fue designado como <strong>Director General de Catastro y Bienes Patrimoniales<\/strong>, dependencia adscrita al Ministerio de Econom\u00eda y Finanzas.<\/p>\n<p>En diversas ocasiones ocup\u00f3 el cargo de Vice Ministro de Finanzas encargado y el de Vice Ministro de Econom\u00eda encargado.<\/p>\n<p>A partir del 26 de abril de 2006, por honrosa designaci\u00f3n del Excelent\u00edsimo Se\u00f1or Mart\u00edn Torrijos, Presidente de la Rep\u00fablica (2004 \u2013 2009) entr\u00f3 a formar parte del Gabinete de Ministros de Estado en su calidad de <strong>MINISTRO DE OBRAS P\u00daBLICAS<\/strong>,\u00a0 posici\u00f3n que ocup\u00f3 hasta el 1 de julio de 2009.<\/p>\n<p>Durante el VIII\u00ba Congreso del Partido Revolucionario Democr\u00e1tico, celebrado en marzo de 2008, fue electo, por amplia mayor\u00eda de los Delegados, como <strong>VICEPRESIDENTE del Comit\u00e9 Ejecutivo Nacional (CEN)<\/strong> del Partido, fungiendo en dicho cargo hasta el 19 de octubre de 2009.<\/p>\n<p>Empe\u00f1ado con los temas formativos, ideol\u00f3gicos y program\u00e1ticos, en agosto de 2009, lideriz\u00f3, promovi\u00f3 y fund\u00f3, conjuntamente con un valioso grupo de copartidarios, la ESCUELA TORRRIJISTA de FORMACI\u00d3N POL\u00cdTICA y DE GOBIERNO \u201cAscanio Villal\u00e1z\u201d.<\/p>\n<p>En mayo de 2022, fue electo como<strong> Presidente del Comit\u00e9 Organizador del XI Congreso Nacional del Partido Revolucionario Democr\u00e1tico (PRD).<\/strong><\/p>\n<p>En su calidad de CONSULTOR, actividad a la que se dedica profesionalmente en su vida privada, ha participado en innumerables FOROS, seminarios y conferencias, a nivel nacional e internacional, como expositor o conferencista, sobre temas relacionados a la Gobernabilidad Democr\u00e1tica; la Planificaci\u00f3n Estrat\u00e9gica Situacional; las pol\u00edticas p\u00fablicas; el potenciamiento de las infraestructuras y la econom\u00eda del desarrollo.<\/p>\n<p>A partir de octubre de 2014, se adiciona a la presidencia que ejerce de la empresa Consultor\u00eda T\u00e9cnica y Proyectos (CONTEC, s.a.), una nueva atribuci\u00f3n como Gerente General de la Inmobiliaria Edifica Corp.; relaci\u00f3n contractual esta \u00faltima, que finaliz\u00f3 el 13 de marzo de 2018.<\/p>\n<p>Tras las elecciones de mayo de 2019, con el ascenso al poder p\u00fablico del Presidente Laurentino Cortizo Cohen, el 1 de julio de ese a\u00f1o, es designado Director General de la Oficina de Electrificaci\u00f3n\u00a0 Rural, cargo que ocup\u00f3 hasta el 2 de marzo de 2020, cuando el Presidente de la Rep\u00fablica lo nombra <strong>Secretario Ejecutivo de la Secretar\u00eda de Seguimiento a la Ejecuci\u00f3n y Cumplimiento<\/strong> (Antigua Secretar\u00eda de Metas), adscrita al Despacho del Presidente del \u00d3rgano Ejecutivo.<\/p>\n<p>Es adem\u00e1s, un prol\u00edfico escritor, con especialidad en ensayos y documentos con \u00e9nfasis en la tem\u00e1tica ideol\u00f3gica, las \u201cteor\u00edas para la acci\u00f3n\u201d y los problemas del desarrollo.<\/p>\n<p>Ha sido galardonado entre otras con las siguientes distinciones:<\/p>\n<ul>\n<li><strong>Medalla de Honor Al M\u00e9rito Patri\u00f3tico<\/strong>; conferida por la Fundaci\u00f3n Omar Torrijos, en noviembre de 1994.<\/li>\n<li><strong>Reconocimiento por la excelente labor realizada como Director General del IFARHU en pro de la educaci\u00f3n nacional (1985 -1989)<\/strong>; galard\u00f3n conferido por\u00a0 el Instituto en enero de 1999.<\/li>\n<li><strong>Galard\u00f3n a la Excelencia Profesional por los esfuerzos e iniciativa en mejorar los niveles de transparencia en la administraci\u00f3n de las Tierras y Bienes del Estado<\/strong>; conferido por el Centro de Desarrollo Empresarial y Tur\u00edstico, en el marco de la Segunda Semana de la Calidad en Panam\u00e1: cultura de la calidad como factor de \u00e9xito y sostenibilidad (noviembre 2005).<\/li>\n<li><strong>Medalla de Honor al M\u00e9rito por su loable desempe\u00f1o en la fundaci\u00f3n y administraci\u00f3n de la Estatal Universidad Especializada de las Am\u00e9ricas<\/strong>; conferida por la Rector\u00eda de UDELAS (noviembre 2005).<\/li>\n<li><strong>Administrador P\u00fablico del a\u00f1o 2005<\/strong>; distinci\u00f3n conferida por la Facultad de Administraci\u00f3n P\u00fablica de la Universidad de Panam\u00e1.<\/li>\n<li>Condecoraci\u00f3n de la Orden <strong>\u00abPresidente Juan Dem\u00f3stenes Arosemena\u00bb, en el Grado de Oficial<\/strong>, en reconocimiento de los m\u00e9ritos y trayectoria por su contribuci\u00f3n al Desarrollo Nacional (30 abril 2021).<\/li>\n<\/ul>\n<p>Es miembro del Colegio de Economistas de Panam\u00e1.<\/p>\n<p>Casado con la distinguida Dama, Marta Amado,\u00a0 es hombre de familia, padre de tres hijos: Victoria Lucia (1984); Benjam\u00edn Renato (1994) y David Agust\u00edn (1995),\u00a0 Colamarco Amado.<\/p>\n<p>Es un apasionado de la m\u00fasica, ejecutor de varios instrumentos musicales.<\/p>\n","protected":false},"excerpt":{"rendered":"<p>BENJAMIN HELIODORO COLAMARCO PATI\u00d1O, nace en la ciudad de Panam\u00e1, Rep\u00fablica de Panam\u00e1, el 17 de agosto de 1957, hijo de dos destacados educadores: el Profesor AGUSTIN COLAMARCO\u00a0 (Q.E.P.D)\u00a0 reconocido matem\u00e1tico, fundador y primer\u00a0 Director\u00a0 de la Escuela de Matem\u00e1ticas de la Facultad de Ciencias de la Universidad de Panam\u00e1; escritor de libros de texto [&hellip;]<\/p>\n","protected":false},"author":1,"featured_media":0,"parent":0,"menu_order":1,"comment_status":"closed","ping_status":"open","template":"","meta":{"footnotes":""},"class_list":["post-2","page","type-page","status-publish","hentry"],"yoast_head":"<!-- This site is optimized with the Yoast SEO plugin v26.8 - https:\/\/yoast.com\/product\/yoast-seo-wordpress\/ -->\n<title>Biograf\u00eda - escritos y reflexiones...<\/title>\n<meta name=\"robots\" content=\"index, follow, max-snippet:-1, max-image-preview:large, max-video-preview:-1\" \/>\n<link rel=\"canonical\" href=\"https:\/\/benjamincolamarco.com\/?page_id=2\" \/>\n<meta property=\"og:locale\" content=\"es_ES\" \/>\n<meta property=\"og:type\" content=\"article\" \/>\n<meta property=\"og:title\" content=\"Biograf\u00eda - escritos y reflexiones...\" \/>\n<meta property=\"og:description\" content=\"BENJAMIN HELIODORO COLAMARCO PATI\u00d1O, nace en la ciudad de Panam\u00e1, Rep\u00fablica de Panam\u00e1, el 17 de agosto de 1957, hijo de dos destacados educadores: el Profesor AGUSTIN COLAMARCO\u00a0 (Q.E.P.D)\u00a0 reconocido matem\u00e1tico, fundador y primer\u00a0 Director\u00a0 de la Escuela de Matem\u00e1ticas de la Facultad de Ciencias de la Universidad de Panam\u00e1; escritor de libros de texto [&hellip;]\" \/>\n<meta property=\"og:url\" content=\"https:\/\/benjamincolamarco.com\/?page_id=2\" \/>\n<meta property=\"og:site_name\" content=\"escritos y reflexiones...\" \/>\n<meta property=\"article:modified_time\" content=\"2023-02-22T01:24:52+00:00\" \/>\n<meta property=\"og:image\" content=\"http:\/\/8xv.6b0.mytemp.website\/wp-content\/uploads\/2015\/06\/foto_benjamin_colamarco.png\" \/>\n<meta name=\"twitter:card\" content=\"summary_large_image\" \/>\n<meta name=\"twitter:label1\" content=\"Est. reading time\" \/>\n\t<meta name=\"twitter:data1\" content=\"8 minutos\" \/>\n<script type=\"application\/ld+json\" class=\"yoast-schema-graph\">{\"@context\":\"https:\/\/schema.org\",\"@graph\":[{\"@type\":\"WebPage\",\"@id\":\"https:\/\/benjamincolamarco.com\/?page_id=2\",\"url\":\"https:\/\/benjamincolamarco.com\/?page_id=2\",\"name\":\"Biograf\u00eda - escritos y reflexiones...\",\"isPartOf\":{\"@id\":\"http:\/\/benjamincolamarco.com\/#website\"},\"primaryImageOfPage\":{\"@id\":\"https:\/\/benjamincolamarco.com\/?page_id=2#primaryimage\"},\"image\":{\"@id\":\"https:\/\/benjamincolamarco.com\/?page_id=2#primaryimage\"},\"thumbnailUrl\":\"http:\/\/8xv.6b0.mytemp.website\/wp-content\/uploads\/2015\/06\/foto_benjamin_colamarco.png\",\"datePublished\":\"2015-06-12T21:23:00+00:00\",\"dateModified\":\"2023-02-22T01:24:52+00:00\",\"breadcrumb\":{\"@id\":\"https:\/\/benjamincolamarco.com\/?page_id=2#breadcrumb\"},\"inLanguage\":\"es\",\"potentialAction\":[{\"@type\":\"ReadAction\",\"target\":[\"https:\/\/benjamincolamarco.com\/?page_id=2\"]}]},{\"@type\":\"ImageObject\",\"inLanguage\":\"es\",\"@id\":\"https:\/\/benjamincolamarco.com\/?page_id=2#primaryimage\",\"url\":\"http:\/\/8xv.6b0.mytemp.website\/wp-content\/uploads\/2015\/06\/foto_benjamin_colamarco.png\",\"contentUrl\":\"http:\/\/8xv.6b0.mytemp.website\/wp-content\/uploads\/2015\/06\/foto_benjamin_colamarco.png\"},{\"@type\":\"BreadcrumbList\",\"@id\":\"https:\/\/benjamincolamarco.com\/?page_id=2#breadcrumb\",\"itemListElement\":[{\"@type\":\"ListItem\",\"position\":1,\"name\":\"Portada\",\"item\":\"http:\/\/benjamincolamarco.com\/\"},{\"@type\":\"ListItem\",\"position\":2,\"name\":\"Biograf\u00eda\"}]},{\"@type\":\"WebSite\",\"@id\":\"http:\/\/benjamincolamarco.com\/#website\",\"url\":\"http:\/\/benjamincolamarco.com\/\",\"name\":\"escritos y reflexiones...\",\"description\":\"de Benjam&iacute;n Colamarco Pati&ntilde;o\",\"potentialAction\":[{\"@type\":\"SearchAction\",\"target\":{\"@type\":\"EntryPoint\",\"urlTemplate\":\"http:\/\/benjamincolamarco.com\/?s={search_term_string}\"},\"query-input\":{\"@type\":\"PropertyValueSpecification\",\"valueRequired\":true,\"valueName\":\"search_term_string\"}}],\"inLanguage\":\"es\"}]}<\/script>\n<!-- \/ Yoast SEO plugin. -->","yoast_head_json":{"title":"Biograf\u00eda - escritos y reflexiones...","robots":{"index":"index","follow":"follow","max-snippet":"max-snippet:-1","max-image-preview":"max-image-preview:large","max-video-preview":"max-video-preview:-1"},"canonical":"https:\/\/benjamincolamarco.com\/?page_id=2","og_locale":"es_ES","og_type":"article","og_title":"Biograf\u00eda - escritos y reflexiones...","og_description":"BENJAMIN HELIODORO COLAMARCO PATI\u00d1O, nace en la ciudad de Panam\u00e1, Rep\u00fablica de Panam\u00e1, el 17 de agosto de 1957, hijo de dos destacados educadores: el Profesor AGUSTIN COLAMARCO\u00a0 (Q.E.P.D)\u00a0 reconocido matem\u00e1tico, fundador y primer\u00a0 Director\u00a0 de la Escuela de Matem\u00e1ticas de la Facultad de Ciencias de la Universidad de Panam\u00e1; escritor de libros de texto [&hellip;]","og_url":"https:\/\/benjamincolamarco.com\/?page_id=2","og_site_name":"escritos y reflexiones...","article_modified_time":"2023-02-22T01:24:52+00:00","og_image":[{"url":"http:\/\/8xv.6b0.mytemp.website\/wp-content\/uploads\/2015\/06\/foto_benjamin_colamarco.png","type":"","width":"","height":""}],"twitter_card":"summary_large_image","twitter_misc":{"Est. reading time":"8 minutos"},"schema":{"@context":"https:\/\/schema.org","@graph":[{"@type":"WebPage","@id":"https:\/\/benjamincolamarco.com\/?page_id=2","url":"https:\/\/benjamincolamarco.com\/?page_id=2","name":"Biograf\u00eda - escritos y reflexiones...","isPartOf":{"@id":"http:\/\/benjamincolamarco.com\/#website"},"primaryImageOfPage":{"@id":"https:\/\/benjamincolamarco.com\/?page_id=2#primaryimage"},"image":{"@id":"https:\/\/benjamincolamarco.com\/?page_id=2#primaryimage"},"thumbnailUrl":"http:\/\/8xv.6b0.mytemp.website\/wp-content\/uploads\/2015\/06\/foto_benjamin_colamarco.png","datePublished":"2015-06-12T21:23:00+00:00","dateModified":"2023-02-22T01:24:52+00:00","breadcrumb":{"@id":"https:\/\/benjamincolamarco.com\/?page_id=2#breadcrumb"},"inLanguage":"es","potentialAction":[{"@type":"ReadAction","target":["https:\/\/benjamincolamarco.com\/?page_id=2"]}]},{"@type":"ImageObject","inLanguage":"es","@id":"https:\/\/benjamincolamarco.com\/?page_id=2#primaryimage","url":"http:\/\/8xv.6b0.mytemp.website\/wp-content\/uploads\/2015\/06\/foto_benjamin_colamarco.png","contentUrl":"http:\/\/8xv.6b0.mytemp.website\/wp-content\/uploads\/2015\/06\/foto_benjamin_colamarco.png"},{"@type":"BreadcrumbList","@id":"https:\/\/benjamincolamarco.com\/?page_id=2#breadcrumb","itemListElement":[{"@type":"ListItem","position":1,"name":"Portada","item":"http:\/\/benjamincolamarco.com\/"},{"@type":"ListItem","position":2,"name":"Biograf\u00eda"}]},{"@type":"WebSite","@id":"http:\/\/benjamincolamarco.com\/#website","url":"http:\/\/benjamincolamarco.com\/","name":"escritos y reflexiones...","description":"de Benjam&iacute;n Colamarco Pati&ntilde;o","potentialAction":[{"@type":"SearchAction","target":{"@type":"EntryPoint","urlTemplate":"http:\/\/benjamincolamarco.com\/?s={search_term_string}"},"query-input":{"@type":"PropertyValueSpecification","valueRequired":true,"valueName":"search_term_string"}}],"inLanguage":"es"}]}},"_links":{"self":[{"href":"https:\/\/benjamincolamarco.com\/index.php?rest_route=\/wp\/v2\/pages\/2","targetHints":{"allow":["GET"]}}],"collection":[{"href":"https:\/\/benjamincolamarco.com\/index.php?rest_route=\/wp\/v2\/pages"}],"about":[{"href":"https:\/\/benjamincolamarco.com\/index.php?rest_route=\/wp\/v2\/types\/page"}],"author":[{"embeddable":true,"href":"https:\/\/benjamincolamarco.com\/index.php?rest_route=\/wp\/v2\/users\/1"}],"replies":[{"embeddable":true,"href":"https:\/\/benjamincolamarco.com\/index.php?rest_route=%2Fwp%2Fv2%2Fcomments&post=2"}],"version-history":[{"count":10,"href":"https:\/\/benjamincolamarco.com\/index.php?rest_route=\/wp\/v2\/pages\/2\/revisions"}],"predecessor-version":[{"id":538,"href":"https:\/\/benjamincolamarco.com\/index.php?rest_route=\/wp\/v2\/pages\/2\/revisions\/538"}],"wp:attachment":[{"href":"https:\/\/benjamincolamarco.com\/index.php?rest_route=%2Fwp%2Fv2%2Fmedia&parent=2"}],"curies":[{"name":"wp","href":"https:\/\/api.w.org\/{rel}","templated":true}]}}