{"id":233,"date":"2015-09-30T17:41:00","date_gmt":"2015-09-30T22:41:00","guid":{"rendered":"http:\/\/www.benjamincolamarco.com\/?page_id=233"},"modified":"2015-09-30T17:45:52","modified_gmt":"2015-09-30T22:45:52","slug":"economia","status":"publish","type":"page","link":"https:\/\/benjamincolamarco.com\/?page_id=233","title":{"rendered":"Econom\u00eda"},"content":{"rendered":"<p><code><ul class=\"lcp_catlist\" id=\"lcp_instance_0\"><li><a href=\"https:\/\/benjamincolamarco.com\/?p=592\">La descarbonizaci\u00f3n global requiere cobre: Panam\u00e1 y su potencial estrat\u00e9gico<\/a>  26 marzo, 2025<\/li><li><a href=\"https:\/\/benjamincolamarco.com\/?p=558\">\u00bfC\u00f3mo enfrentar el desempleo?<\/a>  18 agosto, 2023<\/li><li><a href=\"https:\/\/benjamincolamarco.com\/?p=499\">LA ECONOM\u00cdA DETERMINA LA POL\u00cdTICA&#8230; Y EL BIENESTAR SOCIAL PRESUME LA PAZ.<\/a>  1 mayo, 2022<\/li><li><a href=\"https:\/\/benjamincolamarco.com\/?p=420\">INFRAESTRUCTURA PARA EL DESARROLLO Y LA RECUPERACI\u00d3N ECON\u00d3MICA<\/a>  18 marzo, 2019<\/li><li><a href=\"https:\/\/benjamincolamarco.com\/?p=339\">Entrevista de Radio Panam\u00e1 sobre el ante-proyecto de Ley relacionado con el Consejo Econ\u00f3mico y Social para el Desarrollo<\/a>  1 marzo, 2016<\/li><li><a href=\"https:\/\/benjamincolamarco.com\/?p=303\">Entrevista de Radio Panam\u00e1: \u00abHay que separar los reaval\u00faos de la ley de descentralizaci\u00f3n\u00bb<\/a>  7 octubre, 2015<\/li><li><a href=\"https:\/\/benjamincolamarco.com\/?p=298\">Reavaluos abusivos y los principios de la tributaci\u00f3n<\/a>  2 octubre, 2015<\/li><li><a href=\"https:\/\/benjamincolamarco.com\/?p=135\">Pa\u00eds en riesgo<\/a>  13 febrero, 2014<\/li><li><a href=\"https:\/\/benjamincolamarco.com\/?p=190\">Entrevista de Radio Panam\u00e1: Reaval\u00faos abusivos impulsados por el CD<\/a>  28 octubre, 2013<\/li><li><a href=\"https:\/\/benjamincolamarco.com\/?p=363\">Comentarios The Economist sobre Panam\u00e1<\/a>  17 julio, 2011<\/li><\/ul><ul class='lcp_paginator'><li class='lcp_currentpage'>1<\/li><li><a href='https:\/\/benjamincolamarco.com\/index.php?rest_route=%2Fwp%2Fv2%2Fpages%2F233&#038;lcp_page0=2#lcp_instance_0' title='2'>2<\/a><\/li><li><a href='https:\/\/benjamincolamarco.com\/index.php?rest_route=%2Fwp%2Fv2%2Fpages%2F233&#038;lcp_page0=2#lcp_instance_0' title='2' class='lcp_nextlink'>&gt;&gt;<\/a><\/li><\/ul><\/code><\/p>\n","protected":false},"excerpt":{"rendered":"","protected":false},"author":1,"featured_media":0,"parent":203,"menu_order":0,"comment_status":"closed","ping_status":"open","template":"","meta":{"footnotes":""},"class_list":["post-233","page","type-page","status-publish","hentry"],"yoast_head":"<!-- This site is optimized with the Yoast SEO plugin v26.8 - https:\/\/yoast.com\/product\/yoast-seo-wordpress\/ -->\n<title>Econom\u00eda - escritos y reflexiones...<\/title>\n<meta name=\"robots\" content=\"index, follow, max-snippet:-1, max-image-preview:large, max-video-preview:-1\" \/>\n<link rel=\"canonical\" href=\"https:\/\/benjamincolamarco.com\/?page_id=233\" \/>\n<meta property=\"og:locale\" content=\"es_ES\" \/>\n<meta property=\"og:type\" content=\"article\" \/>\n<meta property=\"og:title\" content=\"Econom\u00eda - escritos y reflexiones...\" \/>\n<meta property=\"og:url\" content=\"https:\/\/benjamincolamarco.com\/?page_id=233\" \/>\n<meta property=\"og:site_name\" content=\"escritos y reflexiones...\" \/>\n<meta property=\"article:modified_time\" content=\"2015-09-30T22:45:52+00:00\" \/>\n<meta name=\"twitter:card\" content=\"summary_large_image\" \/>\n<script type=\"application\/ld+json\" class=\"yoast-schema-graph\">{\"@context\":\"https:\/\/schema.org\",\"@graph\":[{\"@type\":\"WebPage\",\"@id\":\"https:\/\/benjamincolamarco.com\/?page_id=233\",\"url\":\"https:\/\/benjamincolamarco.com\/?page_id=233\",\"name\":\"Econom\u00eda - escritos y reflexiones...\",\"isPartOf\":{\"@id\":\"http:\/\/benjamincolamarco.com\/#website\"},\"datePublished\":\"2015-09-30T22:41:00+00:00\",\"dateModified\":\"2015-09-30T22:45:52+00:00\",\"breadcrumb\":{\"@id\":\"https:\/\/benjamincolamarco.com\/?page_id=233#breadcrumb\"},\"inLanguage\":\"es\",\"potentialAction\":[{\"@type\":\"ReadAction\",\"target\":[\"https:\/\/benjamincolamarco.com\/?page_id=233\"]}]},{\"@type\":\"BreadcrumbList\",\"@id\":\"https:\/\/benjamincolamarco.com\/?page_id=233#breadcrumb\",\"itemListElement\":[{\"@type\":\"ListItem\",\"position\":1,\"name\":\"Portada\",\"item\":\"http:\/\/benjamincolamarco.com\/\"},{\"@type\":\"ListItem\",\"position\":2,\"name\":\"Categor\u00edas\",\"item\":\"http:\/\/benjamincolamarco.com\/?page_id=203\"},{\"@type\":\"ListItem\",\"position\":3,\"name\":\"Econom\u00eda\"}]},{\"@type\":\"WebSite\",\"@id\":\"http:\/\/benjamincolamarco.com\/#website\",\"url\":\"http:\/\/benjamincolamarco.com\/\",\"name\":\"escritos y reflexiones...\",\"description\":\"de Benjam&iacute;n Colamarco Pati&ntilde;o\",\"potentialAction\":[{\"@type\":\"SearchAction\",\"target\":{\"@type\":\"EntryPoint\",\"urlTemplate\":\"http:\/\/benjamincolamarco.com\/?s={search_term_string}\"},\"query-input\":{\"@type\":\"PropertyValueSpecification\",\"valueRequired\":true,\"valueName\":\"search_term_string\"}}],\"inLanguage\":\"es\"}]}<\/script>\n<!-- \/ Yoast SEO plugin. -->","yoast_head_json":{"title":"Econom\u00eda - escritos y reflexiones...","robots":{"index":"index","follow":"follow","max-snippet":"max-snippet:-1","max-image-preview":"max-image-preview:large","max-video-preview":"max-video-preview:-1"},"canonical":"https:\/\/benjamincolamarco.com\/?page_id=233","og_locale":"es_ES","og_type":"article","og_title":"Econom\u00eda - escritos y reflexiones...","og_url":"https:\/\/benjamincolamarco.com\/?page_id=233","og_site_name":"escritos y reflexiones...","article_modified_time":"2015-09-30T22:45:52+00:00","twitter_card":"summary_large_image","schema":{"@context":"https:\/\/schema.org","@graph":[{"@type":"WebPage","@id":"https:\/\/benjamincolamarco.com\/?page_id=233","url":"https:\/\/benjamincolamarco.com\/?page_id=233","name":"Econom\u00eda - escritos y reflexiones...","isPartOf":{"@id":"http:\/\/benjamincolamarco.com\/#website"},"datePublished":"2015-09-30T22:41:00+00:00","dateModified":"2015-09-30T22:45:52+00:00","breadcrumb":{"@id":"https:\/\/benjamincolamarco.com\/?page_id=233#breadcrumb"},"inLanguage":"es","potentialAction":[{"@type":"ReadAction","target":["https:\/\/benjamincolamarco.com\/?page_id=233"]}]},{"@type":"BreadcrumbList","@id":"https:\/\/benjamincolamarco.com\/?page_id=233#breadcrumb","itemListElement":[{"@type":"ListItem","position":1,"name":"Portada","item":"http:\/\/benjamincolamarco.com\/"},{"@type":"ListItem","position":2,"name":"Categor\u00edas","item":"http:\/\/benjamincolamarco.com\/?page_id=203"},{"@type":"ListItem","position":3,"name":"Econom\u00eda"}]},{"@type":"WebSite","@id":"http:\/\/benjamincolamarco.com\/#website","url":"http:\/\/benjamincolamarco.com\/","name":"escritos y reflexiones...","description":"de Benjam&iacute;n Colamarco Pati&ntilde;o","potentialAction":[{"@type":"SearchAction","target":{"@type":"EntryPoint","urlTemplate":"http:\/\/benjamincolamarco.com\/?s={search_term_string}"},"query-input":{"@type":"PropertyValueSpecification","valueRequired":true,"valueName":"search_term_string"}}],"inLanguage":"es"}]}},"_links":{"self":[{"href":"https:\/\/benjamincolamarco.com\/index.php?rest_route=\/wp\/v2\/pages\/233","targetHints":{"allow":["GET"]}}],"collection":[{"href":"https:\/\/benjamincolamarco.com\/index.php?rest_route=\/wp\/v2\/pages"}],"about":[{"href":"https:\/\/benjamincolamarco.com\/index.php?rest_route=\/wp\/v2\/types\/page"}],"author":[{"embeddable":true,"href":"https:\/\/benjamincolamarco.com\/index.php?rest_route=\/wp\/v2\/users\/1"}],"replies":[{"embeddable":true,"href":"https:\/\/benjamincolamarco.com\/index.php?rest_route=%2Fwp%2Fv2%2Fcomments&post=233"}],"version-history":[{"count":2,"href":"https:\/\/benjamincolamarco.com\/index.php?rest_route=\/wp\/v2\/pages\/233\/revisions"}],"predecessor-version":[{"id":248,"href":"https:\/\/benjamincolamarco.com\/index.php?rest_route=\/wp\/v2\/pages\/233\/revisions\/248"}],"up":[{"embeddable":true,"href":"https:\/\/benjamincolamarco.com\/index.php?rest_route=\/wp\/v2\/pages\/203"}],"wp:attachment":[{"href":"https:\/\/benjamincolamarco.com\/index.php?rest_route=%2Fwp%2Fv2%2Fmedia&parent=233"}],"curies":[{"name":"wp","href":"https:\/\/api.w.org\/{rel}","templated":true}]}}